{"id":2736,"date":"2025-04-27T20:07:50","date_gmt":"2025-04-27T18:07:50","guid":{"rendered":"https:\/\/caribbean.pronio.sk\/?page_id=2736"},"modified":"2026-02-04T13:22:39","modified_gmt":"2026-02-04T12:22:39","slug":"lode","status":"publish","type":"page","link":"https:\/\/caribbeanblondietour.com\/de\/lode\/","title":{"rendered":"Schiffe"},"content":{"rendered":"<div data-elementor-type=\"wp-page\" data-elementor-id=\"2736\" class=\"elementor elementor-2736\" data-elementor-post-type=\"page\">\n\t\t\t\t<div data-particle_enable=\"false\" data-particle-mobile-disabled=\"false\" class=\"elementor-element elementor-element-2f69b67 e-flex e-con-boxed e-con e-parent\" data-id=\"2f69b67\" data-element_type=\"container\">\n\t\t\t\t\t<div class=\"e-con-inner\">\n\t\t\t\t<div class=\"elementor-element elementor-element-7761363 elementor-widget elementor-widget-heading\" data-id=\"7761363\" data-element_type=\"widget\" data-widget_type=\"heading.default\">\n\t\t\t\t<div class=\"elementor-widget-container\">\n\t\t\t\t\t<h1 class=\"elementor-heading-title elementor-size-default\">Kommen Sie auf Jamaika an? Machen Sie diesen Tag unvergesslich!<\/h1>\t\t\t\t<\/div>\n\t\t\t\t<\/div>\n\t\t\t\t<div class=\"elementor-element elementor-element-c13f3e4 elementor-widget elementor-widget-text-editor\" data-id=\"c13f3e4\" data-element_type=\"widget\" data-widget_type=\"text-editor.default\">\n\t\t\t\t<div class=\"elementor-widget-container\">\n\t\t\t\t\t\t\t\t\t<p class=\"p1 translation-block\">Willkommen im tropischen Paradies! Haben Sie nur einen Tag auf Jamaika? Lassen Sie ihn nicht zwischen den Fingern verrinnen! Vergessen Sie \u00fcberf\u00fcllte Str\u00e4nde am Hafen \u2013 wir zeigen Ihnen das wahre Jamaika. Ohne Stress, ohne Menschenmengen, nur pure Entspannung, Abenteuer und unvergessliche Erlebnisse!<\/p>\t\t\t\t\t\t\t\t<\/div>\n\t\t\t\t<\/div>\n\t\t\t\t<div class=\"elementor-element elementor-element-8d05166 eael-product-list-column-1 elementor-widget elementor-widget-eicon-woocommerce\" data-id=\"8d05166\" data-element_type=\"widget\" data-widget_type=\"eicon-woocommerce.default\">\n\t\t\t\t<div class=\"elementor-widget-container\">\n\t\t\t\t\t\n        <div class=\"eael-product-grid  list\" id=\"eael-product-grid\" data-widget-id=\"8d05166\" data-page-id=\"2736\" data-nonce=\"aef9ccd6b8\" >\n            <div class=\"woocommerce\">\n                <ul class=\"products eael-post-appender eael-post-appender-8d05166\" data-ssi-desktop=\"no\" data-ssi-tablet=\"no\" data-ssi-mobile=\"no\" data-layout-mode=\"list\"><li class=\"product  eael-product-list-preset-1\">\n    <div class=\"eael-product-wrap\">\n        <div class=\"product-image-wrap\">\n            <div class=\"image-wrap\">\n                <a href=\"https:\/\/caribbeanblondietour.com\/de\/product\/aida-vylet-1\/\" class=\"woocommerce-LoopProduct-link woocommerce-loop-product__link\"><img fetchpriority=\"high\" decoding=\"async\" width=\"2000\" height=\"1500\" src=\"https:\/\/caribbeanblondietour.com\/wp-content\/uploads\/2025\/04\/07649213-3557-4b51-a92f-60ed0e654ee2.jpg\" class=\"attachment-full size-full\" alt=\"Aida Montego Bay\" loading=\"eager\" \/><\/a>            <\/div>\n        <\/div>\n        <div class=\"product-details-wrap\">\n            <div class=\"eael-product-title\">\n                                <a href=\"https:\/\/caribbeanblondietour.com\/de\/product\/aida-vylet-1\/\" class=\"woocommerce-LoopProduct-link woocommerce-loop-product__link\"><h2 class=\"woocommerce-loop-product__title\">Aida Montego Bay<\/h2><\/a><\/div><div class=\"eael-product-price\"><span class=\"woocommerce-Price-amount amount\">318,00&nbsp;<span class=\"woocommerce-Price-currencySymbol\">&euro;<\/span><\/span><\/div><div class=\"eael-product-excerpt\">\n                <p>Von 2 Personen | Adrenalinreiches Abenteuer auf Jamaika Kolibris \u2022 Quads \u2022 Ausritt im Meer \u2022 Zipline....<\/p><\/div>\n            <ul class=\"icons-wrap details-block-style\">\n                                <li class=\"add-to-cart\"><a href=\"\/de\/wp-json\/wp\/v2\/pages\/2736?add-to-cart=2761\" aria-describedby=\"woocommerce_loop_add_to_cart_link_describedby_2761\" data-quantity=\"1\" class=\"button product_type_simple add_to_cart_button ajax_add_to_cart\" data-product_id=\"2761\" data-product_sku=\"\" aria-label=\"In den Warenkorb legen: \u201eAida Montego Bay\u201c\" rel=\"nofollow\" data-success_message=\"\u201eAida Montego Bay\u201c wurde deinem Warenkorb hinzugef\u00fcgt\" role=\"button\" data-no-translation-aria-label=\"\" data-no-translation-data-success_message=\"\">Mehr Infos<\/a>\t<span id=\"woocommerce_loop_add_to_cart_link_describedby_2761\" class=\"screen-reader-text\">\n\t\t\t<\/span>\n<\/li>\n\n                                            <\/ul>\n                    <\/div>\n    <\/div>\n<\/li><li class=\"product  eael-product-list-preset-1\">\n    <div class=\"eael-product-wrap\">\n        <div class=\"product-image-wrap\">\n            <div class=\"image-wrap\">\n                <a href=\"https:\/\/caribbeanblondietour.com\/de\/product\/aida-ocho-rios\/\" class=\"woocommerce-LoopProduct-link woocommerce-loop-product__link\"><img decoding=\"async\" width=\"2000\" height=\"1500\" src=\"https:\/\/caribbeanblondietour.com\/wp-content\/uploads\/2025\/04\/1e0d7976-01bd-4584-809d-a0e7048c7c20.jpg\" class=\"attachment-full size-full\" alt=\"Aida Ocho Rios\" loading=\"eager\" \/><\/a>            <\/div>\n        <\/div>\n        <div class=\"product-details-wrap\">\n            <div class=\"eael-product-title\">\n                                <a href=\"https:\/\/caribbeanblondietour.com\/de\/product\/aida-ocho-rios\/\" class=\"woocommerce-LoopProduct-link woocommerce-loop-product__link\"><h2 class=\"woocommerce-loop-product__title\">Aida Ocho Rios<\/h2><\/a><\/div><div class=\"eael-product-price\"><span class=\"woocommerce-Price-amount amount\">209,00&nbsp;<span class=\"woocommerce-Price-currencySymbol\">&euro;<\/span><\/span><\/div><div class=\"eael-product-excerpt\">\n                <p>Von 2 Personen | Blaue Lagunen, Wasserf\u00e4lle und ein geheimer Strand Blue Hole \u2022 Secret Beach...<\/p><\/div>\n            <ul class=\"icons-wrap details-block-style\">\n                                <li class=\"add-to-cart\"><a href=\"\/de\/wp-json\/wp\/v2\/pages\/2736?add-to-cart=2787\" aria-describedby=\"woocommerce_loop_add_to_cart_link_describedby_2787\" data-quantity=\"1\" class=\"button product_type_simple add_to_cart_button ajax_add_to_cart\" data-product_id=\"2787\" data-product_sku=\"\" aria-label=\"In den Warenkorb legen: \u201eAida Ocho Rios\u201c\" rel=\"nofollow\" data-success_message=\"\u201eAida Ocho Rios\u201c wurde deinem Warenkorb hinzugef\u00fcgt\" role=\"button\" data-no-translation-aria-label=\"\" data-no-translation-data-success_message=\"\">Mehr Infos<\/a>\t<span id=\"woocommerce_loop_add_to_cart_link_describedby_2787\" class=\"screen-reader-text\">\n\t\t\t<\/span>\n<\/li>\n\n                                            <\/ul>\n                    <\/div>\n    <\/div>\n<\/li><li class=\"product  eael-product-list-preset-1\">\n    <div class=\"eael-product-wrap\">\n        <div class=\"product-image-wrap\">\n            <div class=\"image-wrap\">\n                <a href=\"https:\/\/caribbeanblondietour.com\/de\/product\/tui-montego-bay\/\" class=\"woocommerce-LoopProduct-link woocommerce-loop-product__link\"><img decoding=\"async\" width=\"1824\" height=\"1368\" src=\"https:\/\/caribbeanblondietour.com\/wp-content\/uploads\/2025\/02\/23f20313-0779-4d42-b853-0171fab0ad2b.jpg\" class=\"attachment-full size-full\" alt=\"TUI Montego Bay\" loading=\"eager\" \/><\/a>            <\/div>\n        <\/div>\n        <div class=\"product-details-wrap\">\n            <div class=\"eael-product-title\">\n                                <a href=\"https:\/\/caribbeanblondietour.com\/de\/product\/tui-montego-bay\/\" class=\"woocommerce-LoopProduct-link woocommerce-loop-product__link\"><h2 class=\"woocommerce-loop-product__title\">TUI Montego Bay<\/h2><\/a><\/div><div class=\"eael-product-price\"><span class=\"woocommerce-Price-amount amount\">299,00&nbsp;<span class=\"woocommerce-Price-currencySymbol\">&euro;<\/span><\/span><\/div><div class=\"eael-product-excerpt\">\n                <p>Von 2 Personen | Auf den Spuren von Bob Marley &amp; Strand Doctor\u2019s Cave...<\/p><\/div>\n            <ul class=\"icons-wrap details-block-style\">\n                                <li class=\"add-to-cart\"><a href=\"\/de\/wp-json\/wp\/v2\/pages\/2736?add-to-cart=2820\" aria-describedby=\"woocommerce_loop_add_to_cart_link_describedby_2820\" data-quantity=\"1\" class=\"button product_type_simple add_to_cart_button ajax_add_to_cart\" data-product_id=\"2820\" data-product_sku=\"\" aria-label=\"In den Warenkorb legen: \u201eTUI Montego Bay\u201c\" rel=\"nofollow\" data-success_message=\"\u201eTUI Montego Bay\u201c wurde deinem Warenkorb hinzugef\u00fcgt\" role=\"button\" data-no-translation-aria-label=\"\" data-no-translation-data-success_message=\"\">Mehr Infos<\/a>\t<span id=\"woocommerce_loop_add_to_cart_link_describedby_2820\" class=\"screen-reader-text\">\n\t\t\t<\/span>\n<\/li>\n\n                                            <\/ul>\n                    <\/div>\n    <\/div>\n<\/li><li class=\"product  eael-product-list-preset-1\">\n    <div class=\"eael-product-wrap\">\n        <div class=\"product-image-wrap\">\n            <div class=\"image-wrap\">\n                <a href=\"https:\/\/caribbeanblondietour.com\/de\/product\/tui-ocho-rios\/\" class=\"woocommerce-LoopProduct-link woocommerce-loop-product__link\"><img decoding=\"async\" width=\"2560\" height=\"1440\" src=\"https:\/\/caribbeanblondietour.com\/wp-content\/uploads\/2025\/04\/DSC03809-scaled.jpg\" class=\"attachment-full size-full\" alt=\"TUI Ocho Rios\" loading=\"eager\" \/><\/a>            <\/div>\n        <\/div>\n        <div class=\"product-details-wrap\">\n            <div class=\"eael-product-title\">\n                                <a href=\"https:\/\/caribbeanblondietour.com\/de\/product\/tui-ocho-rios\/\" class=\"woocommerce-LoopProduct-link woocommerce-loop-product__link\"><h2 class=\"woocommerce-loop-product__title\">TUI Ocho Rios<\/h2><\/a><\/div><div class=\"eael-product-price\"><span class=\"woocommerce-Price-amount amount\">277,00&nbsp;<span class=\"woocommerce-Price-currencySymbol\">&euro;<\/span><\/span><\/div><div class=\"eael-product-excerpt\">\n                <p>Von 2 Personen | Blaue Lagunen, Wasserf\u00e4lle, Botanischer Garten und ein geheimer Strand Blue Hole \u2022 Konoko Falls \u2022 Secret Beach....<\/p><\/div>\n            <ul class=\"icons-wrap details-block-style\">\n                                <li class=\"add-to-cart\"><a href=\"\/de\/wp-json\/wp\/v2\/pages\/2736?add-to-cart=2854\" aria-describedby=\"woocommerce_loop_add_to_cart_link_describedby_2854\" data-quantity=\"1\" class=\"button product_type_simple add_to_cart_button ajax_add_to_cart\" data-product_id=\"2854\" data-product_sku=\"\" aria-label=\"In den Warenkorb legen: \u201eTUI Ocho Rios\u201c\" rel=\"nofollow\" data-success_message=\"\u201eTUI Ocho Rios\u201c wurde deinem Warenkorb hinzugef\u00fcgt\" role=\"button\" data-no-translation-aria-label=\"\" data-no-translation-data-success_message=\"\">Mehr Infos<\/a>\t<span id=\"woocommerce_loop_add_to_cart_link_describedby_2854\" class=\"screen-reader-text\">\n\t\t\t<\/span>\n<\/li>\n\n                                            <\/ul>\n                    <\/div>\n    <\/div>\n<\/li><\/ul>            <\/div>\n        <\/div>\n\n        <script type=\"text\/javascript\">\n            jQuery(document).ready(function($) {\n                var $scope = jQuery(\".elementor-element-8d05166\");\n                var $products = $('.products', $scope);\n                var $layout_mode = $products.data('layout-mode');\n                \n                if ( $layout_mode === 'masonry' ) {\n                    \/\/ init isotope\n                    var $isotope_products = $products.isotope({\n                        itemSelector: \"li.product\",\n                        layoutMode: $layout_mode,\n                        percentPosition: true\n                    });\n\n                    $isotope_products.imagesLoaded().progress( function() {\n                        $isotope_products.isotope('layout');\n                    })\n                    \n                }\n            });\n        <\/script>\n        \t\t\t\t<\/div>\n\t\t\t\t<\/div>\n\t\t\t\t<div class=\"elementor-element elementor-element-09c86c1 elementor-widget elementor-widget-html\" data-id=\"09c86c1\" data-element_type=\"widget\" data-widget_type=\"html.default\">\n\t\t\t\t<div class=\"elementor-widget-container\">\n\t\t\t\t\t<script>\ndocument.addEventListener(\"DOMContentLoaded\", function () {\n  \/\/ N\u00e1jde v\u0161etky EAEL product grid polo\u017eky (Essential Addons \/ EAEL)\n  const items = document.querySelectorAll(\".eael-product-wrap, li.product\");\n\n  items.forEach((item) => {\n    \/\/ Tvoj \"spr\u00e1vny\" odkaz na produkt (z obr\u00e1zka\/n\u00e1zvu)\n    const productLinkEl = item.querySelector(\"a.woocommerce-LoopProduct-link.woocommerce-loop-product__link\");\n    const btn = item.querySelector(\"a.add_to_cart_button\");\n\n    if (!productLinkEl || !btn) return;\n\n    const productUrl = productLinkEl.getAttribute(\"href\");\n    if (!productUrl) return;\n\n    \/\/ 1) Zru\u0161 add-to-cart spr\u00e1vanie\n    btn.classList.remove(\"add_to_cart_button\", \"ajax_add_to_cart\");\n    btn.removeAttribute(\"data-product_id\");\n    btn.removeAttribute(\"data-product_sku\");\n    btn.removeAttribute(\"data-quantity\");\n    btn.removeAttribute(\"data-success_message\");\n    btn.removeAttribute(\"aria-describedby\");\n    btn.setAttribute(\"rel\", \"nofollow\");\n\n    \/\/ 2) Nastav, aby tla\u010didlo smerovalo na produkt\n    btn.setAttribute(\"href\", productUrl);\n\n    \/\/ 3) Istota: ak by aj nie\u010do zachytilo klik, po\u0161li usera na produkt\n    btn.addEventListener(\"click\", function (e) {\n      e.preventDefault();\n      window.location.href = productUrl;\n    });\n  });\n});\n<\/script>\n\t\t\t\t<\/div>\n\t\t\t\t<\/div>\n\t\t\t\t<div class=\"elementor-element elementor-element-b81ffd4 elementor-widget elementor-widget-text-editor\" data-id=\"b81ffd4\" data-element_type=\"widget\" data-widget_type=\"text-editor.default\">\n\t\t\t\t<div class=\"elementor-widget-container\">\n\t\t\t\t\t\t\t\t\t<p class=\"p1 translation-block\">Sehnen Sie sich nach etwas Einzigartigem? Spazieren Sie durch den tropischen Dschungel, springen Sie in erfrischende Wasserf\u00e4lle, probieren Sie echtes jamaikanisches Jerk Chicken, genie\u00dfen Sie einen Cocktail am ber\u00fchmten Strand oder begeben Sie sich ins wilde Herz der Insel. Wir holen Sie pers\u00f6nlich im Hafen ab und k\u00fcmmern uns um Sie, bis Sie zur\u00fcck zum Schiff gehen \u2013 aufgeladen mit Energie, voller Eindr\u00fccke und mit einem L\u00e4cheln im Gesicht!<\/p><p class=\"p1 translation-block\">Keine langweiligen Spazierg\u00e4nge, keine verlorenen Minuten \u2013 nur pure jamaikanische Vibes! W\u00e4hlen Sie noch heute Ihren Ausflug und machen Sie aus Ihrem Tag auf Jamaika ein Erlebnis, von dem Sie noch lange erz\u00e4hlen werden!<\/p><p>Nach einem Tag voller Aktivit\u00e4ten und Entspannung machen wir uns auf den Weg zur\u00fcck zum\nHafen, damit Sie rechtzeitig und bequem wieder an Bord Ihres Kreuzfahrtschiffs sind.<\/p>\t\t\t\t\t\t\t\t<\/div>\n\t\t\t\t<\/div>\n\t\t\t\t\t<\/div>\n\t\t\t\t<\/div>\n\t\t\t\t<\/div>","protected":false},"excerpt":{"rendered":"<p>P\u0159iplujete na Jamajku? Ud\u011blejte z toho den, na kter\u00fd nikdy nezapomenete! V\u00edtejte v tropick\u00e9m r\u00e1ji!\u00a0M\u00e1te jen jeden den na Jamajce? Nenechte si ho prot\u00e9ct mezi prsty! Zapome\u0148te na p\u0159epln\u011bn\u00e9 pl\u00e1\u017ee u p\u0159\u00edstavu \u2013 my v\u00e1m uk\u00e1\u017eeme skute\u010dnou Jamajku. Bez stresu, bez dav\u016f, jen \u010dist\u00e1 pohoda, dobrodru\u017estv\u00ed a nezapomenuteln\u00e9 z\u00e1\u017eitky! Aida Montego Bay 318,00&nbsp;&euro; Od 2 [&hellip;]<\/p>","protected":false},"author":1,"featured_media":0,"parent":0,"menu_order":0,"comment_status":"closed","ping_status":"closed","template":"","meta":{"footnotes":""},"class_list":["post-2736","page","type-page","status-publish","hentry"],"blocksy_meta":[],"yoast_head":"<!-- This site is optimized with the Yoast SEO Premium plugin v24.3 (Yoast SEO v26.8) - https:\/\/yoast.com\/product\/yoast-seo-premium-wordpress\/ -->\n<title>Lode - Caribbeanblondietour<\/title>\n<meta name=\"robots\" content=\"index, follow, max-snippet:-1, max-image-preview:large, max-video-preview:-1\" \/>\n<link rel=\"canonical\" href=\"https:\/\/caribbeanblondietour.com\/de\/lode\/\" \/>\n<meta property=\"og:locale\" content=\"de_DE\" \/>\n<meta property=\"og:type\" content=\"article\" \/>\n<meta property=\"og:title\" content=\"Lode\" \/>\n<meta property=\"og:description\" content=\"P\u0159iplujete na Jamajku? Ud\u011blejte z toho den, na kter\u00fd nikdy nezapomenete! V\u00edtejte v tropick\u00e9m r\u00e1ji!\u00a0M\u00e1te jen jeden den na Jamajce? Nenechte si ho prot\u00e9ct mezi prsty! Zapome\u0148te na p\u0159epln\u011bn\u00e9 pl\u00e1\u017ee u p\u0159\u00edstavu \u2013 my v\u00e1m uk\u00e1\u017eeme skute\u010dnou Jamajku. Bez stresu, bez dav\u016f, jen \u010dist\u00e1 pohoda, dobrodru\u017estv\u00ed a nezapomenuteln\u00e9 z\u00e1\u017eitky! Aida Montego Bay 318,00&nbsp;&euro; Od 2 [&hellip;]\" \/>\n<meta property=\"og:url\" content=\"https:\/\/caribbeanblondietour.com\/de\/lode\/\" \/>\n<meta property=\"og:site_name\" content=\"Caribbeanblondietour\" \/>\n<meta property=\"article:modified_time\" content=\"2026-02-04T12:22:39+00:00\" \/>\n<meta property=\"og:image\" content=\"https:\/\/caribbeanblondietour.com\/wp-content\/uploads\/2025\/04\/07649213-3557-4b51-a92f-60ed0e654ee2.jpg\" \/>\n<meta name=\"twitter:card\" content=\"summary_large_image\" \/>\n<meta name=\"twitter:label1\" content=\"Gesch\u00e4tzte Lesezeit\" \/>\n\t<meta name=\"twitter:data1\" content=\"3\u00a0Minuten\" \/>\n<script type=\"application\/ld+json\" class=\"yoast-schema-graph\">{\"@context\":\"https:\/\/schema.org\",\"@graph\":[{\"@type\":\"WebPage\",\"@id\":\"https:\/\/caribbeanblondietour.com\/lode\/\",\"url\":\"https:\/\/caribbeanblondietour.com\/lode\/\",\"name\":\"Lode - Caribbeanblondietour\",\"isPartOf\":{\"@id\":\"https:\/\/caribbeanblondietour.com\/#website\"},\"primaryImageOfPage\":{\"@id\":\"https:\/\/caribbeanblondietour.com\/lode\/#primaryimage\"},\"image\":{\"@id\":\"https:\/\/caribbeanblondietour.com\/lode\/#primaryimage\"},\"thumbnailUrl\":\"https:\/\/caribbeanblondietour.com\/wp-content\/uploads\/2025\/04\/07649213-3557-4b51-a92f-60ed0e654ee2.jpg\",\"datePublished\":\"2025-04-27T18:07:50+00:00\",\"dateModified\":\"2026-02-04T12:22:39+00:00\",\"breadcrumb\":{\"@id\":\"https:\/\/caribbeanblondietour.com\/lode\/#breadcrumb\"},\"inLanguage\":\"de\",\"potentialAction\":[{\"@type\":\"ReadAction\",\"target\":[\"https:\/\/caribbeanblondietour.com\/lode\/\"]}]},{\"@type\":\"ImageObject\",\"inLanguage\":\"de\",\"@id\":\"https:\/\/caribbeanblondietour.com\/lode\/#primaryimage\",\"url\":\"https:\/\/caribbeanblondietour.com\/wp-content\/uploads\/2025\/04\/07649213-3557-4b51-a92f-60ed0e654ee2.jpg\",\"contentUrl\":\"https:\/\/caribbeanblondietour.com\/wp-content\/uploads\/2025\/04\/07649213-3557-4b51-a92f-60ed0e654ee2.jpg\"},{\"@type\":\"BreadcrumbList\",\"@id\":\"https:\/\/caribbeanblondietour.com\/lode\/#breadcrumb\",\"itemListElement\":[{\"@type\":\"ListItem\",\"position\":1,\"name\":\"Home\",\"item\":\"https:\/\/caribbeanblondietour.com\/\"},{\"@type\":\"ListItem\",\"position\":2,\"name\":\"Lode\"}]},{\"@type\":\"WebSite\",\"@id\":\"https:\/\/caribbeanblondietour.com\/#website\",\"url\":\"https:\/\/caribbeanblondietour.com\/\",\"name\":\"Caribbeanblondietour\",\"description\":\"\",\"publisher\":{\"@id\":\"https:\/\/caribbeanblondietour.com\/#organization\"},\"potentialAction\":[{\"@type\":\"SearchAction\",\"target\":{\"@type\":\"EntryPoint\",\"urlTemplate\":\"https:\/\/caribbeanblondietour.com\/?s={search_term_string}\"},\"query-input\":{\"@type\":\"PropertyValueSpecification\",\"valueRequired\":true,\"valueName\":\"search_term_string\"}}],\"inLanguage\":\"de\"},{\"@type\":\"Organization\",\"@id\":\"https:\/\/caribbeanblondietour.com\/#organization\",\"name\":\"Caribbeanblondietour\",\"url\":\"https:\/\/caribbeanblondietour.com\/\",\"logo\":{\"@type\":\"ImageObject\",\"inLanguage\":\"de\",\"@id\":\"https:\/\/caribbeanblondietour.com\/#\/schema\/logo\/image\/\",\"url\":\"https:\/\/caribbeanblondietour.com\/wp-content\/uploads\/2025\/02\/logo.png\",\"contentUrl\":\"https:\/\/caribbeanblondietour.com\/wp-content\/uploads\/2025\/02\/logo.png\",\"width\":2043,\"height\":778,\"caption\":\"Caribbeanblondietour\"},\"image\":{\"@id\":\"https:\/\/caribbeanblondietour.com\/#\/schema\/logo\/image\/\"}}]}<\/script>\n<!-- \/ Yoast SEO Premium plugin. -->","yoast_head_json":{"title":"Lode - Caribbeanblondietour","robots":{"index":"index","follow":"follow","max-snippet":"max-snippet:-1","max-image-preview":"max-image-preview:large","max-video-preview":"max-video-preview:-1"},"canonical":"https:\/\/caribbeanblondietour.com\/de\/lode\/","og_locale":"de_DE","og_type":"article","og_title":"Lode","og_description":"P\u0159iplujete na Jamajku? Ud\u011blejte z toho den, na kter\u00fd nikdy nezapomenete! V\u00edtejte v tropick\u00e9m r\u00e1ji!\u00a0M\u00e1te jen jeden den na Jamajce? Nenechte si ho prot\u00e9ct mezi prsty! Zapome\u0148te na p\u0159epln\u011bn\u00e9 pl\u00e1\u017ee u p\u0159\u00edstavu \u2013 my v\u00e1m uk\u00e1\u017eeme skute\u010dnou Jamajku. Bez stresu, bez dav\u016f, jen \u010dist\u00e1 pohoda, dobrodru\u017estv\u00ed a nezapomenuteln\u00e9 z\u00e1\u017eitky! Aida Montego Bay 318,00&nbsp;&euro; Od 2 [&hellip;]","og_url":"https:\/\/caribbeanblondietour.com\/de\/lode\/","og_site_name":"Caribbeanblondietour","article_modified_time":"2026-02-04T12:22:39+00:00","og_image":[{"url":"https:\/\/caribbeanblondietour.com\/wp-content\/uploads\/2025\/04\/07649213-3557-4b51-a92f-60ed0e654ee2.jpg","type":"","width":"","height":""}],"twitter_card":"summary_large_image","twitter_misc":{"Gesch\u00e4tzte Lesezeit":"3\u00a0Minuten"},"schema":{"@context":"https:\/\/schema.org","@graph":[{"@type":"WebPage","@id":"https:\/\/caribbeanblondietour.com\/lode\/","url":"https:\/\/caribbeanblondietour.com\/lode\/","name":"Lode - Caribbeanblondietour","isPartOf":{"@id":"https:\/\/caribbeanblondietour.com\/#website"},"primaryImageOfPage":{"@id":"https:\/\/caribbeanblondietour.com\/lode\/#primaryimage"},"image":{"@id":"https:\/\/caribbeanblondietour.com\/lode\/#primaryimage"},"thumbnailUrl":"https:\/\/caribbeanblondietour.com\/wp-content\/uploads\/2025\/04\/07649213-3557-4b51-a92f-60ed0e654ee2.jpg","datePublished":"2025-04-27T18:07:50+00:00","dateModified":"2026-02-04T12:22:39+00:00","breadcrumb":{"@id":"https:\/\/caribbeanblondietour.com\/lode\/#breadcrumb"},"inLanguage":"de","potentialAction":[{"@type":"ReadAction","target":["https:\/\/caribbeanblondietour.com\/lode\/"]}]},{"@type":"ImageObject","inLanguage":"de","@id":"https:\/\/caribbeanblondietour.com\/lode\/#primaryimage","url":"https:\/\/caribbeanblondietour.com\/wp-content\/uploads\/2025\/04\/07649213-3557-4b51-a92f-60ed0e654ee2.jpg","contentUrl":"https:\/\/caribbeanblondietour.com\/wp-content\/uploads\/2025\/04\/07649213-3557-4b51-a92f-60ed0e654ee2.jpg"},{"@type":"BreadcrumbList","@id":"https:\/\/caribbeanblondietour.com\/lode\/#breadcrumb","itemListElement":[{"@type":"ListItem","position":1,"name":"Home","item":"https:\/\/caribbeanblondietour.com\/"},{"@type":"ListItem","position":2,"name":"Lode"}]},{"@type":"WebSite","@id":"https:\/\/caribbeanblondietour.com\/#website","url":"https:\/\/caribbeanblondietour.com\/","name":"Caribbeanblondietour","description":"","publisher":{"@id":"https:\/\/caribbeanblondietour.com\/#organization"},"potentialAction":[{"@type":"SearchAction","target":{"@type":"EntryPoint","urlTemplate":"https:\/\/caribbeanblondietour.com\/?s={search_term_string}"},"query-input":{"@type":"PropertyValueSpecification","valueRequired":true,"valueName":"search_term_string"}}],"inLanguage":"de"},{"@type":"Organization","@id":"https:\/\/caribbeanblondietour.com\/#organization","name":"Caribbeanblondietour","url":"https:\/\/caribbeanblondietour.com\/","logo":{"@type":"ImageObject","inLanguage":"de","@id":"https:\/\/caribbeanblondietour.com\/#\/schema\/logo\/image\/","url":"https:\/\/caribbeanblondietour.com\/wp-content\/uploads\/2025\/02\/logo.png","contentUrl":"https:\/\/caribbeanblondietour.com\/wp-content\/uploads\/2025\/02\/logo.png","width":2043,"height":778,"caption":"Caribbeanblondietour"},"image":{"@id":"https:\/\/caribbeanblondietour.com\/#\/schema\/logo\/image\/"}}]}},"_links":{"self":[{"href":"https:\/\/caribbeanblondietour.com\/de\/wp-json\/wp\/v2\/pages\/2736","targetHints":{"allow":["GET"]}}],"collection":[{"href":"https:\/\/caribbeanblondietour.com\/de\/wp-json\/wp\/v2\/pages"}],"about":[{"href":"https:\/\/caribbeanblondietour.com\/de\/wp-json\/wp\/v2\/types\/page"}],"author":[{"embeddable":true,"href":"https:\/\/caribbeanblondietour.com\/de\/wp-json\/wp\/v2\/users\/1"}],"replies":[{"embeddable":true,"href":"https:\/\/caribbeanblondietour.com\/de\/wp-json\/wp\/v2\/comments?post=2736"}],"version-history":[{"count":9,"href":"https:\/\/caribbeanblondietour.com\/de\/wp-json\/wp\/v2\/pages\/2736\/revisions"}],"predecessor-version":[{"id":4930,"href":"https:\/\/caribbeanblondietour.com\/de\/wp-json\/wp\/v2\/pages\/2736\/revisions\/4930"}],"wp:attachment":[{"href":"https:\/\/caribbeanblondietour.com\/de\/wp-json\/wp\/v2\/media?parent=2736"}],"curies":[{"name":"wp","href":"https:\/\/api.w.org\/{rel}","templated":true}]}}