{"id":497,"date":"2025-03-01T22:59:17","date_gmt":"2025-03-01T21:59:17","guid":{"rendered":"https:\/\/caribbean.pronio.sk\/?page_id=497"},"modified":"2025-05-16T14:28:39","modified_gmt":"2025-05-16T12:28:39","slug":"o-jamajce","status":"publish","type":"page","link":"https:\/\/caribbeanblondietour.com\/de\/o-jamajce\/","title":{"rendered":"Jamaika"},"content":{"rendered":"<div data-elementor-type=\"wp-page\" data-elementor-id=\"497\" class=\"elementor elementor-497\" data-elementor-post-type=\"page\">\n\t\t\t\t<div data-particle_enable=\"false\" data-particle-mobile-disabled=\"false\" class=\"elementor-element elementor-element-9c44ab4 e-flex e-con-boxed e-con e-parent\" data-id=\"9c44ab4\" data-element_type=\"container\" data-settings=\"{&quot;background_background&quot;:&quot;gradient&quot;}\">\n\t\t\t\t\t<div class=\"e-con-inner\">\n\t\t\t\t<div class=\"elementor-element elementor-element-5bd8701 elementor-widget elementor-widget-heading\" data-id=\"5bd8701\" data-element_type=\"widget\" data-widget_type=\"heading.default\">\n\t\t\t\t<div class=\"elementor-widget-container\">\n\t\t\t\t\t<h2 class=\"elementor-heading-title elementor-size-default\">Jamaika<\/h2>\t\t\t\t<\/div>\n\t\t\t\t<\/div>\n\t\t\t\t\t<\/div>\n\t\t\t\t<\/div>\n\t\t<div data-particle_enable=\"false\" data-particle-mobile-disabled=\"false\" class=\"elementor-element elementor-element-13bd0bc e-flex e-con-boxed e-con e-parent\" data-id=\"13bd0bc\" data-element_type=\"container\">\n\t\t\t\t\t<div class=\"e-con-inner\">\n\t\t<div data-particle_enable=\"false\" data-particle-mobile-disabled=\"false\" class=\"elementor-element elementor-element-3e4370b e-con-full e-flex e-con e-child\" data-id=\"3e4370b\" data-element_type=\"container\">\n\t\t\t\t<div class=\"elementor-element elementor-element-234a387 eael-dual-header-content-align-left elementor-widget elementor-widget-eael-dual-color-header\" data-id=\"234a387\" data-element_type=\"widget\" data-widget_type=\"eael-dual-color-header.default\">\n\t\t\t\t<div class=\"elementor-widget-container\">\n\t\t\t\t\t\t\t\t<div class=\"eael-dual-header\">\n\t\t\t\t<h2 class=\"title eael-dch-title\"><span style=\"background: linear-gradient(#E78E00, #9C312D)\" class=\"eael-dch-title-text eael-dch-title-lead lead gradient-color\">\ud83c\uddef\ud83c\uddf2 OUT OF MANY,<\/span> <span class=\"eael-dch-title-text\">ONE PEOPLE JAMAICA - MEHR ALS EINE INSEL, EIN ZUSTAND\nDES GEISTES<\/span><\/h2>\t\t\t<\/div>\n\n\t\t\t\t\t\t<\/div>\n\t\t\t\t<\/div>\n\t\t\t\t<div class=\"elementor-element elementor-element-7d7cacc elementor-widget elementor-widget-text-editor\" data-id=\"7d7cacc\" data-element_type=\"widget\" data-widget_type=\"text-editor.default\">\n\t\t\t\t<div class=\"elementor-widget-container\">\n\t\t\t\t\t\t\t\t\t<p class=\"p1\">Jamaika ist kein Ort, den du einfach besuchst. Jamaika ist ein Vibe, der dich umarmt und nicht mehr\nlosl\u00e4sst. Wenn du aus dem Flugzeug steigst, begr\u00fc\u00dft dich die Luft sofort \u2013 sie duftet nach Meer,\nSonne und einer Ferne, in der Stress nicht existiert.<strong> Hier vergisst du die Zeit, hier erinnerst du dich\ndaran, wie es ist, wirklich zu leben.<\/strong><\/p><p class=\"p1\">Wei\u00dfe, sonnenhei\u00dfe Str\u00e4nde, ein Meer so t\u00fcrkis, dass es scheint, als w\u00e4re es flie\u00dfender Himmel. In\nder Luft klingt Reggae \u2013 der Herzschlag der Insel. Alles wird langsamer. <strong>Du musst nichts \u2013 du\ndarfst alles.<\/strong> Jamaika beeindruckt nicht mit Luxus. Jamaika gewinnt dich mit Echtheit. Hier spielt\nniemand eine Rolle. Sei einfach du selbst \u2013 das reicht hier vollkommen.<\/p>\t\t\t\t\t\t\t\t<\/div>\n\t\t\t\t<\/div>\n\t\t\t\t<\/div>\n\t\t<div data-particle_enable=\"false\" data-particle-mobile-disabled=\"false\" class=\"elementor-element elementor-element-46da4e1 e-con-full e-flex e-con e-child\" data-id=\"46da4e1\" data-element_type=\"container\">\n\t\t\t\t<div class=\"elementor-element elementor-element-78f767a elementor-widget elementor-widget-video\" data-id=\"78f767a\" data-element_type=\"widget\" data-settings=\"{&quot;video_type&quot;:&quot;hosted&quot;,&quot;autoplay&quot;:&quot;yes&quot;,&quot;play_on_mobile&quot;:&quot;yes&quot;,&quot;mute&quot;:&quot;yes&quot;,&quot;loop&quot;:&quot;yes&quot;}\" data-widget_type=\"video.default\">\n\t\t\t\t<div class=\"elementor-widget-container\">\n\t\t\t\t\t\t\t<div class=\"e-hosted-video elementor-wrapper elementor-open-inline\">\n\t\t\t\t\t<video class=\"elementor-video\" src=\"http:\/\/caribbean.pronio.sk\/wp-content\/uploads\/2025\/03\/20250304_1949_Jamaican-Beach-Serenity_simple_compose_01jnh7v3j3evns5trb9kv95gxd.mp4\" autoplay=\"\" loop=\"\" muted=\"muted\" playsinline=\"\" controlslist=\"nodownload\"><\/video>\n\t\t\t\t<\/div>\n\t\t\t\t\t\t<\/div>\n\t\t\t\t<\/div>\n\t\t\t\t<\/div>\n\t\t\t\t\t<\/div>\n\t\t\t\t<\/div>\n\t\t<div data-particle_enable=\"false\" data-particle-mobile-disabled=\"false\" class=\"elementor-element elementor-element-d160921 e-flex e-con-boxed e-con e-parent\" data-id=\"d160921\" data-element_type=\"container\">\n\t\t\t\t\t<div class=\"e-con-inner\">\n\t\t<div data-particle_enable=\"false\" data-particle-mobile-disabled=\"false\" class=\"elementor-element elementor-element-ce8a82e e-con-full e-flex e-con e-child\" data-id=\"ce8a82e\" data-element_type=\"container\">\n\t\t\t\t<div class=\"elementor-element elementor-element-8b23fc5 elementor-widget elementor-widget-video\" data-id=\"8b23fc5\" data-element_type=\"widget\" data-settings=\"{&quot;video_type&quot;:&quot;hosted&quot;,&quot;autoplay&quot;:&quot;yes&quot;,&quot;play_on_mobile&quot;:&quot;yes&quot;,&quot;mute&quot;:&quot;yes&quot;,&quot;loop&quot;:&quot;yes&quot;}\" data-widget_type=\"video.default\">\n\t\t\t\t<div class=\"elementor-widget-container\">\n\t\t\t\t\t\t\t<div class=\"e-hosted-video elementor-wrapper elementor-open-inline\">\n\t\t\t\t\t<video class=\"elementor-video\" src=\"http:\/\/caribbean.pronio.sk\/wp-content\/uploads\/2025\/03\/20250304_1946_Jamaican-Beach-Serenity_simple_compose_01jnh7nqd0e0kay440zmag4j2b.mp4\" autoplay=\"\" loop=\"\" muted=\"muted\" playsinline=\"\" controlslist=\"nodownload\"><\/video>\n\t\t\t\t<\/div>\n\t\t\t\t\t\t<\/div>\n\t\t\t\t<\/div>\n\t\t\t\t<\/div>\n\t\t<div data-particle_enable=\"false\" data-particle-mobile-disabled=\"false\" class=\"elementor-element elementor-element-69d2771 e-con-full e-flex e-con e-child\" data-id=\"69d2771\" data-element_type=\"container\">\n\t\t\t\t<div class=\"elementor-element elementor-element-ee19a59 elementor-widget elementor-widget-text-editor\" data-id=\"ee19a59\" data-element_type=\"widget\" data-widget_type=\"text-editor.default\">\n\t\t\t\t<div class=\"elementor-widget-container\">\n\t\t\t\t\t\t\t\t\t<p class=\"p1\">Der Westen der Insel ist wie ein Traum, aus dem du nie aufwachen willst. Tropische Natur, wilde\nWasserf\u00e4lle, Lagunen, H\u00f6hlen, Schmetterlinge in allen Farben und Kolibris, so klein wie\nLichttropfen. Alles lebt hier \u2013 sanft, frei und im eigenen Rhythmus.<\/p><p class=\"p1\">Und wenn du weiterziehst...<\/p><p class=\"p1\">Nach S\u00fcden, wo die Erde rot ist und die Luft nach Zuckerrohr duftet, entdeckst du verborgene\nSch\u00f6nheit. Farmen, Fl\u00fcsse, Stille und ein Himmel ohne Wolken. Im Osten erheben sich Berge,\neingeh\u00fcllt in den morgendlichen Nebel. Dort herrscht eine Stille, die nicht l\u00fcgt. Hier ber\u00fchrt die\nNatur den Himmel, und wenn du die Augen schlie\u00dft, h\u00f6rst du, wie die Insel atmet. Im Norden\nverschmelzen Dschungel und Meer. Der frische Wind duftet nach Fr\u00fcchten, und die Str\u00e4nde sind\nlebendig, umgeben von sattem Gr\u00fcn.<\/p>\t\t\t\t\t\t\t\t<\/div>\n\t\t\t\t<\/div>\n\t\t\t\t<\/div>\n\t\t\t\t\t<\/div>\n\t\t\t\t<\/div>\n\t\t<div data-particle_enable=\"false\" data-particle-mobile-disabled=\"false\" class=\"elementor-element elementor-element-4753f54 e-flex e-con-boxed e-con e-parent\" data-id=\"4753f54\" data-element_type=\"container\">\n\t\t\t\t\t<div class=\"e-con-inner\">\n\t\t<div data-particle_enable=\"false\" data-particle-mobile-disabled=\"false\" class=\"elementor-element elementor-element-3ff0f94 e-con-full e-flex e-con e-child\" data-id=\"3ff0f94\" data-element_type=\"container\">\n\t\t\t\t<div class=\"elementor-element elementor-element-7355bc2 elementor-widget elementor-widget-text-editor\" data-id=\"7355bc2\" data-element_type=\"widget\" data-widget_type=\"text-editor.default\">\n\t\t\t\t<div class=\"elementor-widget-container\">\n\t\t\t\t\t\t\t\t\t<p class=\"p1\">Jeder Teil Jamaikas hat seinen eigenen Klang und zusammen ergeben sie ein wundervolle Lied.\nUnd am Abend? Sonnenunterg\u00e4nge, die dich mitten im Schritt innehalten lassen. Der Himmel\nbrennt in Orange, Violett und Rosa \u2013 als wolle der Tag nicht still gehen. Dazu der Duft von\nGegrilltem, Lachen und Musik von \u00fcberall her. Jamaika ist nicht f\u00fcr diejenigen, die eine \u201eMust-\nSee\u201c-Liste abarbeiten wollen.<\/p><p class=\"p1\">Jamaika ist nicht f\u00fcr diejenigen, die eine \u201eMust-\nSee\u201c-Liste abarbeiten wollen. Jamaika ist f\u00fcr diejenigen, die mehr wollen \u2013 Erlebnisse,\nErinnerungen und Momente, die bleiben. Denn genau darauf kommt es an.<\/p>\t\t\t\t\t\t\t\t<\/div>\n\t\t\t\t<\/div>\n\t\t\t\t<\/div>\n\t\t<div data-particle_enable=\"false\" data-particle-mobile-disabled=\"false\" class=\"elementor-element elementor-element-0d186b2 e-con-full e-flex e-con e-child\" data-id=\"0d186b2\" data-element_type=\"container\">\n\t\t\t\t<div class=\"elementor-element elementor-element-963217b elementor-widget elementor-widget-video\" data-id=\"963217b\" data-element_type=\"widget\" data-settings=\"{&quot;video_type&quot;:&quot;hosted&quot;,&quot;autoplay&quot;:&quot;yes&quot;,&quot;play_on_mobile&quot;:&quot;yes&quot;,&quot;mute&quot;:&quot;yes&quot;,&quot;loop&quot;:&quot;yes&quot;}\" data-widget_type=\"video.default\">\n\t\t\t\t<div class=\"elementor-widget-container\">\n\t\t\t\t\t\t\t<div class=\"e-hosted-video elementor-wrapper elementor-open-inline\">\n\t\t\t\t\t<video class=\"elementor-video\" src=\"http:\/\/caribbean.pronio.sk\/wp-content\/uploads\/2025\/03\/20250306_0930_Tropical-Paradise-Bliss_simple_compose_01jnn97gqafmran6ht83pse863.mp4\" autoplay=\"\" loop=\"\" muted=\"muted\" playsinline=\"\" controlslist=\"nodownload\"><\/video>\n\t\t\t\t<\/div>\n\t\t\t\t\t\t<\/div>\n\t\t\t\t<\/div>\n\t\t\t\t<\/div>\n\t\t\t\t\t<\/div>\n\t\t\t\t<\/div>\n\t\t<div data-particle_enable=\"false\" data-particle-mobile-disabled=\"false\" class=\"elementor-element elementor-element-f8ae1fb e-flex e-con-boxed e-con e-parent\" data-id=\"f8ae1fb\" data-element_type=\"container\" data-settings=\"{&quot;background_background&quot;:&quot;gradient&quot;}\">\n\t\t\t\t\t<div class=\"e-con-inner\">\n\t\t<div data-particle_enable=\"false\" data-particle-mobile-disabled=\"false\" class=\"elementor-element elementor-element-c1a780c e-con-full e-flex e-con e-child\" data-id=\"c1a780c\" data-element_type=\"container\">\n\t\t\t\t<div class=\"elementor-element elementor-element-194fe84 eael-dual-header-content-align-left elementor-widget elementor-widget-eael-dual-color-header\" data-id=\"194fe84\" data-element_type=\"widget\" data-widget_type=\"eael-dual-color-header.default\">\n\t\t\t\t<div class=\"elementor-widget-container\">\n\t\t\t\t\t\t\t\t<div class=\"eael-dual-header\">\n\t\t\t\t<h2 class=\"title eael-dch-title\"><span style=\"background: linear-gradient(#FFFFFF, #FFFFFF)\" class=\"eael-dch-title-text eael-dch-title-lead lead gradient-color\">\u00dcber Jamaika<\/span> <span class=\"eael-dch-title-text\"><\/span><\/h2>\t\t\t<\/div>\n\n\t\t\t\t\t\t<\/div>\n\t\t\t\t<\/div>\n\t\t<div data-particle_enable=\"false\" data-particle-mobile-disabled=\"false\" class=\"elementor-element elementor-element-cef6462 e-grid e-con-full e-con e-child\" data-id=\"cef6462\" data-element_type=\"container\">\n\t\t<div data-particle_enable=\"false\" data-particle-mobile-disabled=\"false\" class=\"elementor-element elementor-element-41050b3 e-con-full e-flex e-con e-child\" data-id=\"41050b3\" data-element_type=\"container\" data-settings=\"{&quot;background_background&quot;:&quot;classic&quot;}\">\n\t\t\t\t<div class=\"elementor-element elementor-element-6d1036c elementor-widget elementor-widget-heading\" data-id=\"6d1036c\" data-element_type=\"widget\" data-widget_type=\"heading.default\">\n\t\t\t\t<div class=\"elementor-widget-container\">\n\t\t\t\t\t<h2 class=\"elementor-heading-title elementor-size-default\"><a href=\"\/de\/destinace\/\">Reiseziele<\/a><\/h2>\t\t\t\t<\/div>\n\t\t\t\t<\/div>\n\t\t\t\t<\/div>\n\t\t<div data-particle_enable=\"false\" data-particle-mobile-disabled=\"false\" class=\"elementor-element elementor-element-2e784df e-con-full e-flex e-con e-child\" data-id=\"2e784df\" data-element_type=\"container\" data-settings=\"{&quot;background_background&quot;:&quot;classic&quot;}\">\n\t\t\t\t<div class=\"elementor-element elementor-element-39a7504 elementor-widget elementor-widget-heading\" data-id=\"39a7504\" data-element_type=\"widget\" data-widget_type=\"heading.default\">\n\t\t\t\t<div class=\"elementor-widget-container\">\n\t\t\t\t\t<h2 class=\"elementor-heading-title elementor-size-default\"><a href=\"\/de\/gastronomie\/\">Gastronomie<\/a><\/h2>\t\t\t\t<\/div>\n\t\t\t\t<\/div>\n\t\t\t\t<\/div>\n\t\t<div data-particle_enable=\"false\" data-particle-mobile-disabled=\"false\" class=\"elementor-element elementor-element-c57dbd1 e-con-full e-flex e-con e-child\" data-id=\"c57dbd1\" data-element_type=\"container\" data-settings=\"{&quot;background_background&quot;:&quot;classic&quot;}\">\n\t\t\t\t<div class=\"elementor-element elementor-element-bb34c61 elementor-widget elementor-widget-heading\" data-id=\"bb34c61\" data-element_type=\"widget\" data-widget_type=\"heading.default\">\n\t\t\t\t<div class=\"elementor-widget-container\">\n\t\t\t\t\t<h2 class=\"elementor-heading-title elementor-size-default\"><a href=\"\/de\/kultura\/\">Kultur<\/a><\/h2>\t\t\t\t<\/div>\n\t\t\t\t<\/div>\n\t\t\t\t<\/div>\n\t\t<div data-particle_enable=\"false\" data-particle-mobile-disabled=\"false\" class=\"elementor-element elementor-element-311150e e-con-full e-flex e-con e-child\" data-id=\"311150e\" data-element_type=\"container\" data-settings=\"{&quot;background_background&quot;:&quot;classic&quot;}\">\n\t\t\t\t<div class=\"elementor-element elementor-element-a9db98c elementor-widget elementor-widget-heading\" data-id=\"a9db98c\" data-element_type=\"widget\" data-widget_type=\"heading.default\">\n\t\t\t\t<div class=\"elementor-widget-container\">\n\t\t\t\t\t<h2 class=\"elementor-heading-title elementor-size-default\"><a href=\"\/de\/specifika\/\">Besonderheiten<\/a><\/h2>\t\t\t\t<\/div>\n\t\t\t\t<\/div>\n\t\t\t\t<\/div>\n\t\t\t\t<\/div>\n\t\t\t\t<\/div>\n\t\t\t\t\t<\/div>\n\t\t\t\t<\/div>\n\t\t\t\t<\/div>","protected":false},"excerpt":{"rendered":"<p>O Jamajce \ud83c\uddef\ud83c\uddf2 OUT OF MANY, ONE PEOPLE JAMAICA \u2013 V\u00cdC NE\u017d OSTROV, JE TO STAV MYSLI Jamajka nen\u00ed m\u00edsto, kter\u00e9 nav\u0161t\u00edv\u00ed\u0161. Jamajka je vibe, kter\u00fd t\u011b obejme a u\u017e nepust\u00ed. Kdy\u017e vystoup\u00ed\u0161 z letadla, vzduch t\u011b hned pozdrav\u00ed \u2013 von\u00ed po mo\u0159i, slunci a d\u00e1lce, kde neexistuje stres. Tady zapomene\u0161 na \u010das, tady si [&hellip;]<\/p>","protected":false},"author":1,"featured_media":0,"parent":0,"menu_order":0,"comment_status":"closed","ping_status":"closed","template":"","meta":{"footnotes":""},"class_list":["post-497","page","type-page","status-publish","hentry"],"blocksy_meta":[],"yoast_head":"<!-- This site is optimized with the Yoast SEO Premium plugin v24.3 (Yoast SEO v26.8) - https:\/\/yoast.com\/product\/yoast-seo-premium-wordpress\/ -->\n<title>O Jamajce - Caribbeanblondietour<\/title>\n<meta name=\"robots\" content=\"index, follow, max-snippet:-1, max-image-preview:large, max-video-preview:-1\" \/>\n<link rel=\"canonical\" href=\"https:\/\/caribbeanblondietour.com\/de\/o-jamajce\/\" \/>\n<meta property=\"og:locale\" content=\"de_DE\" \/>\n<meta property=\"og:type\" content=\"article\" \/>\n<meta property=\"og:title\" content=\"O Jamajce\" \/>\n<meta property=\"og:description\" content=\"O Jamajce \ud83c\uddef\ud83c\uddf2 OUT OF MANY, ONE PEOPLE JAMAICA \u2013 V\u00cdC NE\u017d OSTROV, JE TO STAV MYSLI Jamajka nen\u00ed m\u00edsto, kter\u00e9 nav\u0161t\u00edv\u00ed\u0161. Jamajka je vibe, kter\u00fd t\u011b obejme a u\u017e nepust\u00ed. Kdy\u017e vystoup\u00ed\u0161 z letadla, vzduch t\u011b hned pozdrav\u00ed \u2013 von\u00ed po mo\u0159i, slunci a d\u00e1lce, kde neexistuje stres. Tady zapomene\u0161 na \u010das, tady si [&hellip;]\" \/>\n<meta property=\"og:url\" content=\"https:\/\/caribbeanblondietour.com\/de\/o-jamajce\/\" \/>\n<meta property=\"og:site_name\" content=\"Caribbeanblondietour\" \/>\n<meta property=\"article:modified_time\" content=\"2025-05-16T12:28:39+00:00\" \/>\n<meta name=\"twitter:card\" content=\"summary_large_image\" \/>\n<meta name=\"twitter:label1\" content=\"Gesch\u00e4tzte Lesezeit\" \/>\n\t<meta name=\"twitter:data1\" content=\"2\u00a0Minuten\" \/>\n<script type=\"application\/ld+json\" class=\"yoast-schema-graph\">{\"@context\":\"https:\/\/schema.org\",\"@graph\":[{\"@type\":\"WebPage\",\"@id\":\"https:\/\/caribbeanblondietour.com\/de\/o-jamajce\/\",\"url\":\"https:\/\/caribbeanblondietour.com\/de\/o-jamajce\/\",\"name\":\"O Jamajce - Caribbeanblondietour\",\"isPartOf\":{\"@id\":\"https:\/\/caribbeanblondietour.com\/#website\"},\"datePublished\":\"2025-03-01T21:59:17+00:00\",\"dateModified\":\"2025-05-16T12:28:39+00:00\",\"breadcrumb\":{\"@id\":\"https:\/\/caribbeanblondietour.com\/de\/o-jamajce\/#breadcrumb\"},\"inLanguage\":\"de\",\"potentialAction\":[{\"@type\":\"ReadAction\",\"target\":[\"https:\/\/caribbeanblondietour.com\/de\/o-jamajce\/\"]}]},{\"@type\":\"BreadcrumbList\",\"@id\":\"https:\/\/caribbeanblondietour.com\/de\/o-jamajce\/#breadcrumb\",\"itemListElement\":[{\"@type\":\"ListItem\",\"position\":1,\"name\":\"Home\",\"item\":\"https:\/\/caribbeanblondietour.com\/\"},{\"@type\":\"ListItem\",\"position\":2,\"name\":\"O Jamajce\"}]},{\"@type\":\"WebSite\",\"@id\":\"https:\/\/caribbeanblondietour.com\/#website\",\"url\":\"https:\/\/caribbeanblondietour.com\/\",\"name\":\"Caribbeanblondietour\",\"description\":\"\",\"publisher\":{\"@id\":\"https:\/\/caribbeanblondietour.com\/#organization\"},\"potentialAction\":[{\"@type\":\"SearchAction\",\"target\":{\"@type\":\"EntryPoint\",\"urlTemplate\":\"https:\/\/caribbeanblondietour.com\/?s={search_term_string}\"},\"query-input\":{\"@type\":\"PropertyValueSpecification\",\"valueRequired\":true,\"valueName\":\"search_term_string\"}}],\"inLanguage\":\"de\"},{\"@type\":\"Organization\",\"@id\":\"https:\/\/caribbeanblondietour.com\/#organization\",\"name\":\"Caribbeanblondietour\",\"url\":\"https:\/\/caribbeanblondietour.com\/\",\"logo\":{\"@type\":\"ImageObject\",\"inLanguage\":\"de\",\"@id\":\"https:\/\/caribbeanblondietour.com\/#\/schema\/logo\/image\/\",\"url\":\"https:\/\/caribbeanblondietour.com\/wp-content\/uploads\/2025\/02\/logo.png\",\"contentUrl\":\"https:\/\/caribbeanblondietour.com\/wp-content\/uploads\/2025\/02\/logo.png\",\"width\":2043,\"height\":778,\"caption\":\"Caribbeanblondietour\"},\"image\":{\"@id\":\"https:\/\/caribbeanblondietour.com\/#\/schema\/logo\/image\/\"}}]}<\/script>\n<!-- \/ Yoast SEO Premium plugin. -->","yoast_head_json":{"title":"O Jamajce - Caribbeanblondietour","robots":{"index":"index","follow":"follow","max-snippet":"max-snippet:-1","max-image-preview":"max-image-preview:large","max-video-preview":"max-video-preview:-1"},"canonical":"https:\/\/caribbeanblondietour.com\/de\/o-jamajce\/","og_locale":"de_DE","og_type":"article","og_title":"O Jamajce","og_description":"O Jamajce \ud83c\uddef\ud83c\uddf2 OUT OF MANY, ONE PEOPLE JAMAICA \u2013 V\u00cdC NE\u017d OSTROV, JE TO STAV MYSLI Jamajka nen\u00ed m\u00edsto, kter\u00e9 nav\u0161t\u00edv\u00ed\u0161. Jamajka je vibe, kter\u00fd t\u011b obejme a u\u017e nepust\u00ed. Kdy\u017e vystoup\u00ed\u0161 z letadla, vzduch t\u011b hned pozdrav\u00ed \u2013 von\u00ed po mo\u0159i, slunci a d\u00e1lce, kde neexistuje stres. Tady zapomene\u0161 na \u010das, tady si [&hellip;]","og_url":"https:\/\/caribbeanblondietour.com\/de\/o-jamajce\/","og_site_name":"Caribbeanblondietour","article_modified_time":"2025-05-16T12:28:39+00:00","twitter_card":"summary_large_image","twitter_misc":{"Gesch\u00e4tzte Lesezeit":"2\u00a0Minuten"},"schema":{"@context":"https:\/\/schema.org","@graph":[{"@type":"WebPage","@id":"https:\/\/caribbeanblondietour.com\/de\/o-jamajce\/","url":"https:\/\/caribbeanblondietour.com\/de\/o-jamajce\/","name":"O Jamajce - Caribbeanblondietour","isPartOf":{"@id":"https:\/\/caribbeanblondietour.com\/#website"},"datePublished":"2025-03-01T21:59:17+00:00","dateModified":"2025-05-16T12:28:39+00:00","breadcrumb":{"@id":"https:\/\/caribbeanblondietour.com\/de\/o-jamajce\/#breadcrumb"},"inLanguage":"de","potentialAction":[{"@type":"ReadAction","target":["https:\/\/caribbeanblondietour.com\/de\/o-jamajce\/"]}]},{"@type":"BreadcrumbList","@id":"https:\/\/caribbeanblondietour.com\/de\/o-jamajce\/#breadcrumb","itemListElement":[{"@type":"ListItem","position":1,"name":"Home","item":"https:\/\/caribbeanblondietour.com\/"},{"@type":"ListItem","position":2,"name":"O Jamajce"}]},{"@type":"WebSite","@id":"https:\/\/caribbeanblondietour.com\/#website","url":"https:\/\/caribbeanblondietour.com\/","name":"Caribbeanblondietour","description":"","publisher":{"@id":"https:\/\/caribbeanblondietour.com\/#organization"},"potentialAction":[{"@type":"SearchAction","target":{"@type":"EntryPoint","urlTemplate":"https:\/\/caribbeanblondietour.com\/?s={search_term_string}"},"query-input":{"@type":"PropertyValueSpecification","valueRequired":true,"valueName":"search_term_string"}}],"inLanguage":"de"},{"@type":"Organization","@id":"https:\/\/caribbeanblondietour.com\/#organization","name":"Caribbeanblondietour","url":"https:\/\/caribbeanblondietour.com\/","logo":{"@type":"ImageObject","inLanguage":"de","@id":"https:\/\/caribbeanblondietour.com\/#\/schema\/logo\/image\/","url":"https:\/\/caribbeanblondietour.com\/wp-content\/uploads\/2025\/02\/logo.png","contentUrl":"https:\/\/caribbeanblondietour.com\/wp-content\/uploads\/2025\/02\/logo.png","width":2043,"height":778,"caption":"Caribbeanblondietour"},"image":{"@id":"https:\/\/caribbeanblondietour.com\/#\/schema\/logo\/image\/"}}]}},"_links":{"self":[{"href":"https:\/\/caribbeanblondietour.com\/de\/wp-json\/wp\/v2\/pages\/497","targetHints":{"allow":["GET"]}}],"collection":[{"href":"https:\/\/caribbeanblondietour.com\/de\/wp-json\/wp\/v2\/pages"}],"about":[{"href":"https:\/\/caribbeanblondietour.com\/de\/wp-json\/wp\/v2\/types\/page"}],"author":[{"embeddable":true,"href":"https:\/\/caribbeanblondietour.com\/de\/wp-json\/wp\/v2\/users\/1"}],"replies":[{"embeddable":true,"href":"https:\/\/caribbeanblondietour.com\/de\/wp-json\/wp\/v2\/comments?post=497"}],"version-history":[{"count":0,"href":"https:\/\/caribbeanblondietour.com\/de\/wp-json\/wp\/v2\/pages\/497\/revisions"}],"wp:attachment":[{"href":"https:\/\/caribbeanblondietour.com\/de\/wp-json\/wp\/v2\/media?parent=497"}],"curies":[{"name":"wp","href":"https:\/\/api.w.org\/{rel}","templated":true}]}}