{"id":2787,"date":"2025-04-28T17:14:13","date_gmt":"2025-04-28T15:14:13","guid":{"rendered":"https:\/\/caribbean.pronio.sk\/?post_type=product&#038;p=2787"},"modified":"2026-01-27T23:03:17","modified_gmt":"2026-01-27T22:03:17","slug":"aida-ocho-rios","status":"publish","type":"product","link":"https:\/\/caribbeanblondietour.com\/de\/product\/aida-ocho-rios\/","title":{"rendered":"Aida Ocho Rios"},"content":{"rendered":"<div data-elementor-type=\"product-post\" data-elementor-id=\"2787\" class=\"elementor elementor-2787\" data-elementor-post-type=\"product\">\n\t\t\t\t<div data-particle_enable=\"false\" data-particle-mobile-disabled=\"false\" class=\"elementor-element elementor-element-b04198f e-flex e-con-boxed e-con e-parent\" data-id=\"b04198f\" data-element_type=\"container\">\n\t\t\t\t\t<div class=\"e-con-inner\">\n\t\t<div data-particle_enable=\"false\" data-particle-mobile-disabled=\"false\" class=\"elementor-element elementor-element-4e6e944 e-con-full e-flex e-con e-child\" data-id=\"4e6e944\" data-element_type=\"container\">\n\t\t<div data-particle_enable=\"false\" data-particle-mobile-disabled=\"false\" class=\"elementor-element elementor-element-e32a283 e-con-full e-flex e-con e-child\" data-id=\"e32a283\" data-element_type=\"container\">\n\t\t\t\t<div class=\"elementor-element elementor-element-850d3c5 elementor-widget elementor-widget-heading\" data-id=\"850d3c5\" data-element_type=\"widget\" data-widget_type=\"heading.default\">\n\t\t\t\t<div class=\"elementor-widget-container\">\n\t\t\t\t\t<h3 class=\"elementor-heading-title elementor-size-default\">Blue Hole \u2013 Ein verborgenes Paradies im Herzen des Dschungels<\/h3>\t\t\t\t<\/div>\n\t\t\t\t<\/div>\n\t\t\t\t<div class=\"elementor-element elementor-element-9d601bf elementor-widget elementor-widget-text-editor\" data-id=\"9d601bf\" data-element_type=\"widget\" data-widget_type=\"text-editor.default\">\n\t\t\t\t<div class=\"elementor-widget-container\">\n\t\t\t\t\t\t\t\t\t<p class=\"p1\">Unser erster Halt ist das Blue Hole, ein wahrer verborgener Schatz des jamaikanischen\nRegenwaldes. Kristallklares Wasser, exotisches Gr\u00fcn und erfrischende Wasserf\u00e4lle scha\ufb00en den\nperfekten Ort f\u00fcr Entspannung und Abenteuer. Schwimmen Sie in den nat\u00fcrlichen Lagunen,\nspringen Sie direkt vom Wasserfall oder genie\u00dfen Sie einfach diesen magischen Ort.<\/p>\t\t\t\t\t\t\t\t<\/div>\n\t\t\t\t<\/div>\n\t\t\t\t<div class=\"elementor-element elementor-element-543eccc elementor-widget elementor-widget-heading\" data-id=\"543eccc\" data-element_type=\"widget\" data-widget_type=\"heading.default\">\n\t\t\t\t<div class=\"elementor-widget-container\">\n\t\t\t\t\t<h3 class=\"elementor-heading-title elementor-size-default\">Secret Beach\n\u2013\nEin verstecktes K\u00fcstenrefugium<\/h3>\t\t\t\t<\/div>\n\t\t\t\t<\/div>\n\t\t\t\t<div class=\"elementor-element elementor-element-b6a94ad elementor-widget elementor-widget-text-editor\" data-id=\"b6a94ad\" data-element_type=\"widget\" data-widget_type=\"text-editor.default\">\n\t\t\t\t<div class=\"elementor-widget-container\">\n\t\t\t\t\t\t\t\t\t<p class=\"p1\">Nach dem Dschungel-Abenteuer g\u00f6nnen Sie sich die wohlverdiente Entspannung am Secret\nBeach, einem geheimen Strand fernab der Touristenmengen. Genie\u00dfen Sie die ruhige und\nentspannte Atmosph\u00e4re, den feinen Sand und das kristallklare Wasser, das zum Schwimmen und\nSonnenbaden einl\u00e4dt. Dieses versteckte Juwel Jamaikas bietet den perfekten Abschluss eines\nTages im Paradies.<\/p>\t\t\t\t\t\t\t\t<\/div>\n\t\t\t\t<\/div>\n\t\t\t\t<\/div>\n\t\t<div data-particle_enable=\"false\" data-particle-mobile-disabled=\"false\" class=\"elementor-element elementor-element-885cef2 e-con-full e-flex e-con e-child\" data-id=\"885cef2\" data-element_type=\"container\" data-settings=\"{&quot;background_background&quot;:&quot;classic&quot;}\">\n\t\t\t\t<div class=\"elementor-element elementor-element-9e7dc11 elementor-widget elementor-widget-image\" data-id=\"9e7dc11\" data-element_type=\"widget\" data-widget_type=\"image.default\">\n\t\t\t\t<div class=\"elementor-widget-container\">\n\t\t\t\t\t\t\t\t\t\t\t\t\t\t\t<img fetchpriority=\"high\" decoding=\"async\" width=\"768\" height=\"1024\" src=\"https:\/\/caribbeanblondietour.com\/wp-content\/uploads\/2025\/04\/0a53aa73-38a7-4d1d-9b15-07efca3db1e7-2-1-768x1024.jpg\" class=\"attachment-large size-large wp-image-4719\" alt=\"\" srcset=\"https:\/\/caribbeanblondietour.com\/wp-content\/uploads\/2025\/04\/0a53aa73-38a7-4d1d-9b15-07efca3db1e7-2-1-768x1024.jpg 768w, https:\/\/caribbeanblondietour.com\/wp-content\/uploads\/2025\/04\/0a53aa73-38a7-4d1d-9b15-07efca3db1e7-2-1-225x300.jpg 225w, https:\/\/caribbeanblondietour.com\/wp-content\/uploads\/2025\/04\/0a53aa73-38a7-4d1d-9b15-07efca3db1e7-2-1-1152x1536.jpg 1152w, https:\/\/caribbeanblondietour.com\/wp-content\/uploads\/2025\/04\/0a53aa73-38a7-4d1d-9b15-07efca3db1e7-2-1-9x12.jpg 9w, https:\/\/caribbeanblondietour.com\/wp-content\/uploads\/2025\/04\/0a53aa73-38a7-4d1d-9b15-07efca3db1e7-2-1-600x800.jpg 600w, https:\/\/caribbeanblondietour.com\/wp-content\/uploads\/2025\/04\/0a53aa73-38a7-4d1d-9b15-07efca3db1e7-2-1.jpg 1500w\" sizes=\"(max-width: 768px) 100vw, 768px\" \/>\t\t\t\t\t\t\t\t\t\t\t\t\t\t\t<\/div>\n\t\t\t\t<\/div>\n\t\t<div data-particle_enable=\"false\" data-particle-mobile-disabled=\"false\" class=\"elementor-element elementor-element-4fe5e6b e-con-full e-flex e-con e-child\" data-id=\"4fe5e6b\" data-element_type=\"container\">\n\t\t\t\t<div class=\"elementor-element elementor-element-3a5cd1d e-transform elementor-widget elementor-widget-image\" data-id=\"3a5cd1d\" data-element_type=\"widget\" data-settings=\"{&quot;_transform_rotateZ_effect&quot;:{&quot;unit&quot;:&quot;px&quot;,&quot;size&quot;:4,&quot;sizes&quot;:[]},&quot;_transform_rotateZ_effect_tablet&quot;:{&quot;unit&quot;:&quot;deg&quot;,&quot;size&quot;:&quot;&quot;,&quot;sizes&quot;:[]},&quot;_transform_rotateZ_effect_mobile&quot;:{&quot;unit&quot;:&quot;deg&quot;,&quot;size&quot;:&quot;&quot;,&quot;sizes&quot;:[]}}\" data-widget_type=\"image.default\">\n\t\t\t\t<div class=\"elementor-widget-container\">\n\t\t\t\t\t\t\t\t\t\t\t\t\t\t\t<img decoding=\"async\" width=\"1024\" height=\"768\" src=\"https:\/\/caribbeanblondietour.com\/wp-content\/uploads\/2025\/04\/20220705_154703-1024x768.jpg\" class=\"attachment-large size-large wp-image-4715\" alt=\"\" srcset=\"https:\/\/caribbeanblondietour.com\/wp-content\/uploads\/2025\/04\/20220705_154703-1024x768.jpg 1024w, https:\/\/caribbeanblondietour.com\/wp-content\/uploads\/2025\/04\/20220705_154703-300x225.jpg 300w, https:\/\/caribbeanblondietour.com\/wp-content\/uploads\/2025\/04\/20220705_154703-768x576.jpg 768w, https:\/\/caribbeanblondietour.com\/wp-content\/uploads\/2025\/04\/20220705_154703-1536x1152.jpg 1536w, https:\/\/caribbeanblondietour.com\/wp-content\/uploads\/2025\/04\/20220705_154703-2048x1536.jpg 2048w, https:\/\/caribbeanblondietour.com\/wp-content\/uploads\/2025\/04\/20220705_154703-16x12.jpg 16w, https:\/\/caribbeanblondietour.com\/wp-content\/uploads\/2025\/04\/20220705_154703-600x450.jpg 600w\" sizes=\"(max-width: 1024px) 100vw, 1024px\" \/>\t\t\t\t\t\t\t\t\t\t\t\t\t\t\t<\/div>\n\t\t\t\t<\/div>\n\t\t\t\t<div class=\"elementor-element elementor-element-fe7f671 e-transform elementor-widget elementor-widget-image\" data-id=\"fe7f671\" data-element_type=\"widget\" data-settings=\"{&quot;_transform_rotateZ_effect&quot;:{&quot;unit&quot;:&quot;px&quot;,&quot;size&quot;:-3,&quot;sizes&quot;:[]},&quot;_transform_rotateZ_effect_tablet&quot;:{&quot;unit&quot;:&quot;deg&quot;,&quot;size&quot;:&quot;&quot;,&quot;sizes&quot;:[]},&quot;_transform_rotateZ_effect_mobile&quot;:{&quot;unit&quot;:&quot;deg&quot;,&quot;size&quot;:&quot;&quot;,&quot;sizes&quot;:[]}}\" data-widget_type=\"image.default\">\n\t\t\t\t<div class=\"elementor-widget-container\">\n\t\t\t\t\t\t\t\t\t\t\t\t\t\t\t<img decoding=\"async\" width=\"1024\" height=\"683\" src=\"https:\/\/caribbeanblondietour.com\/wp-content\/uploads\/2025\/04\/1a6fae08-d8f2-427b-b476-7adf880e8ea4-1024x683.jpg\" class=\"attachment-large size-large wp-image-4720\" alt=\"\" srcset=\"https:\/\/caribbeanblondietour.com\/wp-content\/uploads\/2025\/04\/1a6fae08-d8f2-427b-b476-7adf880e8ea4-1024x683.jpg 1024w, https:\/\/caribbeanblondietour.com\/wp-content\/uploads\/2025\/04\/1a6fae08-d8f2-427b-b476-7adf880e8ea4-300x200.jpg 300w, https:\/\/caribbeanblondietour.com\/wp-content\/uploads\/2025\/04\/1a6fae08-d8f2-427b-b476-7adf880e8ea4-768x512.jpg 768w, https:\/\/caribbeanblondietour.com\/wp-content\/uploads\/2025\/04\/1a6fae08-d8f2-427b-b476-7adf880e8ea4-1536x1024.jpg 1536w, https:\/\/caribbeanblondietour.com\/wp-content\/uploads\/2025\/04\/1a6fae08-d8f2-427b-b476-7adf880e8ea4-18x12.jpg 18w, https:\/\/caribbeanblondietour.com\/wp-content\/uploads\/2025\/04\/1a6fae08-d8f2-427b-b476-7adf880e8ea4-600x400.jpg 600w, https:\/\/caribbeanblondietour.com\/wp-content\/uploads\/2025\/04\/1a6fae08-d8f2-427b-b476-7adf880e8ea4.jpg 2048w\" sizes=\"(max-width: 1024px) 100vw, 1024px\" \/>\t\t\t\t\t\t\t\t\t\t\t\t\t\t\t<\/div>\n\t\t\t\t<\/div>\n\t\t\t\t<\/div>\n\t\t\t\t<\/div>\n\t\t\t\t<\/div>\n\t\t\t\t\t<\/div>\n\t\t\t\t<\/div>\n\t\t\t\t<\/div>","protected":false},"excerpt":{"rendered":"<style>\n  .bubble {<br \/>    display: inline-block;<br \/>    background-color: #e0f2ff; \/* svetlomodr\u00e1 *\/<br \/>    color: #0077cc;<br \/>    border-radius: 20px;<br \/>    padding: 6px 12px;<br \/>    font-size: 14px;<br \/>    font-family: Arial, sans-serif;<br \/>    box-shadow: 0 1px 4px rgba(0, 0, 0, 0.1);<br \/>    margin: 0; \/* prid\u00e1me, ak by bola dedi\u010dn\u00e1 medzera *\/<br \/>  }<br \/><\/style>\n<p><span class=\"bubble\">Von 2 Personen<\/span><\/p>\n<p class=\"p1\"><strong>Blaue Lagunen, Wasserf\u00e4lle und ein geheimer Strand\nBlue Hole \u2022 Secret Beach<\/strong><br \/>\nBegleiten Sie uns auf einen Ausflug der Jamaika von seiner sch\u00f6nsten Seite zeigt. Freuen Sie sich\nauf eine Kombination aus tropischem Dschungel, erfrischenden Wasserf\u00e4llen, exotischer Natur\nund einem ruhigen Strand abseits der Menschenmassen. Ein erlebnisreicher Tag \u2013 ganz ohne Eile.<\/p>\n<p><strong><a href=\"https:\/\/caribbeanblondietour.com\/wp-content\/uploads\/2025\/05\/DE-info-k-lodim.pdf\" target=\"_blank\" rel=\"noopener\">\u2139 Informationen zur Reise<\/a><\/strong><\/p>","protected":false},"featured_media":4721,"comment_status":"open","ping_status":"closed","template":"","meta":[],"product_brand":[],"product_cat":[60],"product_tag":[],"class_list":{"0":"post-2787","1":"product","2":"type-product","3":"status-publish","4":"has-post-thumbnail","6":"product_cat-lode","8":"first","9":"instock","10":"virtual","11":"purchasable","12":"product-type-simple"},"yoast_head":"<!-- This site is optimized with the Yoast SEO Premium plugin v24.3 (Yoast SEO v26.8) - https:\/\/yoast.com\/product\/yoast-seo-premium-wordpress\/ -->\n<title>Aida Ocho Rios - Caribbeanblondietour<\/title>\n<meta name=\"robots\" content=\"index, follow, max-snippet:-1, max-image-preview:large, max-video-preview:-1\" \/>\n<link rel=\"canonical\" href=\"https:\/\/caribbeanblondietour.com\/de\/product\/aida-ocho-rios\/\" \/>\n<meta property=\"og:locale\" content=\"de_DE\" \/>\n<meta property=\"og:type\" content=\"article\" \/>\n<meta property=\"og:title\" content=\"Aida Ocho Rios\" \/>\n<meta property=\"og:description\" content=\"Od 2 osob Modr\u00e1 laguna, vodop\u00e1dy a tajn\u00e1 pl\u00e1\u017e Blue Hole \u2022 Secret Beach Vydejte se s n\u00e1mi na v\u00fdlet, kter\u00fd v\u00e1m uk\u00e1\u017ee Jamajku v jej\u00ed nejkr\u00e1sn\u011bj\u0161\u00ed podob\u011b. \u010cek\u00e1 v\u00e1s kombinace tropick\u00e9 d\u017eungle, osv\u011b\u017euj\u00edc\u00edch vodop\u00e1d\u016f, exotick\u00e9 p\u0159\u00edrody a klidn\u00e9 pl\u00e1\u017ee stranou od dav\u016f. Den pln\u00fd z\u00e1\u017eitk\u016f, ale bez sp\u011bchu. \u2139 Informace k v\u00fdletu\" \/>\n<meta property=\"og:url\" content=\"https:\/\/caribbeanblondietour.com\/de\/product\/aida-ocho-rios\/\" \/>\n<meta property=\"og:site_name\" content=\"Caribbeanblondietour\" \/>\n<meta property=\"article:modified_time\" content=\"2026-01-27T22:03:17+00:00\" \/>\n<meta property=\"og:image\" content=\"https:\/\/caribbeanblondietour.com\/wp-content\/uploads\/2025\/04\/1e0d7976-01bd-4584-809d-a0e7048c7c20.jpg\" \/>\n\t<meta property=\"og:image:width\" content=\"2000\" \/>\n\t<meta property=\"og:image:height\" content=\"1500\" \/>\n\t<meta property=\"og:image:type\" content=\"image\/jpeg\" \/>\n<meta name=\"twitter:card\" content=\"summary_large_image\" \/>\n<script type=\"application\/ld+json\" class=\"yoast-schema-graph\">{\"@context\":\"https:\/\/schema.org\",\"@graph\":[{\"@type\":\"WebPage\",\"@id\":\"https:\/\/caribbeanblondietour.com\/product\/aida-ocho-rios\/\",\"url\":\"https:\/\/caribbeanblondietour.com\/product\/aida-ocho-rios\/\",\"name\":\"Aida Ocho Rios - Caribbeanblondietour\",\"isPartOf\":{\"@id\":\"https:\/\/caribbeanblondietour.com\/#website\"},\"primaryImageOfPage\":{\"@id\":\"https:\/\/caribbeanblondietour.com\/product\/aida-ocho-rios\/#primaryimage\"},\"image\":{\"@id\":\"https:\/\/caribbeanblondietour.com\/product\/aida-ocho-rios\/#primaryimage\"},\"thumbnailUrl\":\"https:\/\/caribbeanblondietour.com\/wp-content\/uploads\/2025\/04\/1e0d7976-01bd-4584-809d-a0e7048c7c20.jpg\",\"datePublished\":\"2025-04-28T15:14:13+00:00\",\"dateModified\":\"2026-01-27T22:03:17+00:00\",\"breadcrumb\":{\"@id\":\"https:\/\/caribbeanblondietour.com\/product\/aida-ocho-rios\/#breadcrumb\"},\"inLanguage\":\"de\",\"potentialAction\":[{\"@type\":\"ReadAction\",\"target\":[\"https:\/\/caribbeanblondietour.com\/product\/aida-ocho-rios\/\"]}]},{\"@type\":\"ImageObject\",\"inLanguage\":\"de\",\"@id\":\"https:\/\/caribbeanblondietour.com\/product\/aida-ocho-rios\/#primaryimage\",\"url\":\"https:\/\/caribbeanblondietour.com\/wp-content\/uploads\/2025\/04\/1e0d7976-01bd-4584-809d-a0e7048c7c20.jpg\",\"contentUrl\":\"https:\/\/caribbeanblondietour.com\/wp-content\/uploads\/2025\/04\/1e0d7976-01bd-4584-809d-a0e7048c7c20.jpg\",\"width\":2000,\"height\":1500},{\"@type\":\"BreadcrumbList\",\"@id\":\"https:\/\/caribbeanblondietour.com\/product\/aida-ocho-rios\/#breadcrumb\",\"itemListElement\":[{\"@type\":\"ListItem\",\"position\":1,\"name\":\"Home\",\"item\":\"https:\/\/caribbeanblondietour.com\/\"},{\"@type\":\"ListItem\",\"position\":2,\"name\":\"Z\u00e1jezdy\",\"item\":\"https:\/\/caribbeanblondietour.com\/zajezdy\/\"},{\"@type\":\"ListItem\",\"position\":3,\"name\":\"Aida Ocho Rios\"}]},{\"@type\":\"WebSite\",\"@id\":\"https:\/\/caribbeanblondietour.com\/#website\",\"url\":\"https:\/\/caribbeanblondietour.com\/\",\"name\":\"Caribbeanblondietour\",\"description\":\"\",\"publisher\":{\"@id\":\"https:\/\/caribbeanblondietour.com\/#organization\"},\"potentialAction\":[{\"@type\":\"SearchAction\",\"target\":{\"@type\":\"EntryPoint\",\"urlTemplate\":\"https:\/\/caribbeanblondietour.com\/?s={search_term_string}\"},\"query-input\":{\"@type\":\"PropertyValueSpecification\",\"valueRequired\":true,\"valueName\":\"search_term_string\"}}],\"inLanguage\":\"de\"},{\"@type\":\"Organization\",\"@id\":\"https:\/\/caribbeanblondietour.com\/#organization\",\"name\":\"Caribbeanblondietour\",\"url\":\"https:\/\/caribbeanblondietour.com\/\",\"logo\":{\"@type\":\"ImageObject\",\"inLanguage\":\"de\",\"@id\":\"https:\/\/caribbeanblondietour.com\/#\/schema\/logo\/image\/\",\"url\":\"https:\/\/caribbeanblondietour.com\/wp-content\/uploads\/2025\/02\/logo.png\",\"contentUrl\":\"https:\/\/caribbeanblondietour.com\/wp-content\/uploads\/2025\/02\/logo.png\",\"width\":2043,\"height\":778,\"caption\":\"Caribbeanblondietour\"},\"image\":{\"@id\":\"https:\/\/caribbeanblondietour.com\/#\/schema\/logo\/image\/\"}}]}<\/script>\n<!-- \/ Yoast SEO Premium plugin. -->","yoast_head_json":{"title":"Aida Ocho Rios - Caribbeanblondietour","robots":{"index":"index","follow":"follow","max-snippet":"max-snippet:-1","max-image-preview":"max-image-preview:large","max-video-preview":"max-video-preview:-1"},"canonical":"https:\/\/caribbeanblondietour.com\/de\/product\/aida-ocho-rios\/","og_locale":"de_DE","og_type":"article","og_title":"Aida Ocho Rios","og_description":"Od 2 osob Modr\u00e1 laguna, vodop\u00e1dy a tajn\u00e1 pl\u00e1\u017e Blue Hole \u2022 Secret Beach Vydejte se s n\u00e1mi na v\u00fdlet, kter\u00fd v\u00e1m uk\u00e1\u017ee Jamajku v jej\u00ed nejkr\u00e1sn\u011bj\u0161\u00ed podob\u011b. \u010cek\u00e1 v\u00e1s kombinace tropick\u00e9 d\u017eungle, osv\u011b\u017euj\u00edc\u00edch vodop\u00e1d\u016f, exotick\u00e9 p\u0159\u00edrody a klidn\u00e9 pl\u00e1\u017ee stranou od dav\u016f. Den pln\u00fd z\u00e1\u017eitk\u016f, ale bez sp\u011bchu. \u2139 Informace k v\u00fdletu","og_url":"https:\/\/caribbeanblondietour.com\/de\/product\/aida-ocho-rios\/","og_site_name":"Caribbeanblondietour","article_modified_time":"2026-01-27T22:03:17+00:00","og_image":[{"width":2000,"height":1500,"url":"https:\/\/caribbeanblondietour.com\/wp-content\/uploads\/2025\/04\/1e0d7976-01bd-4584-809d-a0e7048c7c20.jpg","type":"image\/jpeg"}],"twitter_card":"summary_large_image","schema":{"@context":"https:\/\/schema.org","@graph":[{"@type":"WebPage","@id":"https:\/\/caribbeanblondietour.com\/product\/aida-ocho-rios\/","url":"https:\/\/caribbeanblondietour.com\/product\/aida-ocho-rios\/","name":"Aida Ocho Rios - Caribbeanblondietour","isPartOf":{"@id":"https:\/\/caribbeanblondietour.com\/#website"},"primaryImageOfPage":{"@id":"https:\/\/caribbeanblondietour.com\/product\/aida-ocho-rios\/#primaryimage"},"image":{"@id":"https:\/\/caribbeanblondietour.com\/product\/aida-ocho-rios\/#primaryimage"},"thumbnailUrl":"https:\/\/caribbeanblondietour.com\/wp-content\/uploads\/2025\/04\/1e0d7976-01bd-4584-809d-a0e7048c7c20.jpg","datePublished":"2025-04-28T15:14:13+00:00","dateModified":"2026-01-27T22:03:17+00:00","breadcrumb":{"@id":"https:\/\/caribbeanblondietour.com\/product\/aida-ocho-rios\/#breadcrumb"},"inLanguage":"de","potentialAction":[{"@type":"ReadAction","target":["https:\/\/caribbeanblondietour.com\/product\/aida-ocho-rios\/"]}]},{"@type":"ImageObject","inLanguage":"de","@id":"https:\/\/caribbeanblondietour.com\/product\/aida-ocho-rios\/#primaryimage","url":"https:\/\/caribbeanblondietour.com\/wp-content\/uploads\/2025\/04\/1e0d7976-01bd-4584-809d-a0e7048c7c20.jpg","contentUrl":"https:\/\/caribbeanblondietour.com\/wp-content\/uploads\/2025\/04\/1e0d7976-01bd-4584-809d-a0e7048c7c20.jpg","width":2000,"height":1500},{"@type":"BreadcrumbList","@id":"https:\/\/caribbeanblondietour.com\/product\/aida-ocho-rios\/#breadcrumb","itemListElement":[{"@type":"ListItem","position":1,"name":"Home","item":"https:\/\/caribbeanblondietour.com\/"},{"@type":"ListItem","position":2,"name":"Z\u00e1jezdy","item":"https:\/\/caribbeanblondietour.com\/zajezdy\/"},{"@type":"ListItem","position":3,"name":"Aida Ocho Rios"}]},{"@type":"WebSite","@id":"https:\/\/caribbeanblondietour.com\/#website","url":"https:\/\/caribbeanblondietour.com\/","name":"Caribbeanblondietour","description":"","publisher":{"@id":"https:\/\/caribbeanblondietour.com\/#organization"},"potentialAction":[{"@type":"SearchAction","target":{"@type":"EntryPoint","urlTemplate":"https:\/\/caribbeanblondietour.com\/?s={search_term_string}"},"query-input":{"@type":"PropertyValueSpecification","valueRequired":true,"valueName":"search_term_string"}}],"inLanguage":"de"},{"@type":"Organization","@id":"https:\/\/caribbeanblondietour.com\/#organization","name":"Caribbeanblondietour","url":"https:\/\/caribbeanblondietour.com\/","logo":{"@type":"ImageObject","inLanguage":"de","@id":"https:\/\/caribbeanblondietour.com\/#\/schema\/logo\/image\/","url":"https:\/\/caribbeanblondietour.com\/wp-content\/uploads\/2025\/02\/logo.png","contentUrl":"https:\/\/caribbeanblondietour.com\/wp-content\/uploads\/2025\/02\/logo.png","width":2043,"height":778,"caption":"Caribbeanblondietour"},"image":{"@id":"https:\/\/caribbeanblondietour.com\/#\/schema\/logo\/image\/"}}]}},"_links":{"self":[{"href":"https:\/\/caribbeanblondietour.com\/de\/wp-json\/wp\/v2\/product\/2787","targetHints":{"allow":["GET"]}}],"collection":[{"href":"https:\/\/caribbeanblondietour.com\/de\/wp-json\/wp\/v2\/product"}],"about":[{"href":"https:\/\/caribbeanblondietour.com\/de\/wp-json\/wp\/v2\/types\/product"}],"replies":[{"embeddable":true,"href":"https:\/\/caribbeanblondietour.com\/de\/wp-json\/wp\/v2\/comments?post=2787"}],"version-history":[{"count":16,"href":"https:\/\/caribbeanblondietour.com\/de\/wp-json\/wp\/v2\/product\/2787\/revisions"}],"predecessor-version":[{"id":4725,"href":"https:\/\/caribbeanblondietour.com\/de\/wp-json\/wp\/v2\/product\/2787\/revisions\/4725"}],"wp:featuredmedia":[{"embeddable":true,"href":"https:\/\/caribbeanblondietour.com\/de\/wp-json\/wp\/v2\/media\/4721"}],"wp:attachment":[{"href":"https:\/\/caribbeanblondietour.com\/de\/wp-json\/wp\/v2\/media?parent=2787"}],"wp:term":[{"taxonomy":"product_brand","embeddable":true,"href":"https:\/\/caribbeanblondietour.com\/de\/wp-json\/wp\/v2\/product_brand?post=2787"},{"taxonomy":"product_cat","embeddable":true,"href":"https:\/\/caribbeanblondietour.com\/de\/wp-json\/wp\/v2\/product_cat?post=2787"},{"taxonomy":"product_tag","embeddable":true,"href":"https:\/\/caribbeanblondietour.com\/de\/wp-json\/wp\/v2\/product_tag?post=2787"}],"curies":[{"name":"wp","href":"https:\/\/api.w.org\/{rel}","templated":true}]}}