{"id":497,"date":"2025-03-01T22:59:17","date_gmt":"2025-03-01T21:59:17","guid":{"rendered":"https:\/\/caribbean.pronio.sk\/?page_id=497"},"modified":"2026-04-20T21:41:57","modified_gmt":"2026-04-20T19:41:57","slug":"o-jamajce","status":"publish","type":"page","link":"https:\/\/caribbeanblondietour.com\/en\/o-jamajce\/","title":{"rendered":"Jamaica"},"content":{"rendered":"<div data-elementor-type=\"wp-page\" data-elementor-id=\"497\" class=\"elementor elementor-497\" data-elementor-post-type=\"page\">\n\t\t\t\t<div data-particle_enable=\"false\" data-particle-mobile-disabled=\"false\" class=\"elementor-element elementor-element-9c44ab4 e-flex e-con-boxed e-con e-parent\" data-id=\"9c44ab4\" data-element_type=\"container\" data-settings=\"{&quot;background_background&quot;:&quot;gradient&quot;}\">\n\t\t\t\t\t<div class=\"e-con-inner\">\n\t\t\t\t<div class=\"elementor-element elementor-element-5bd8701 elementor-widget elementor-widget-heading\" data-id=\"5bd8701\" data-element_type=\"widget\" data-widget_type=\"heading.default\">\n\t\t\t\t<div class=\"elementor-widget-container\">\n\t\t\t\t\t<h2 class=\"elementor-heading-title elementor-size-default\">Jamaica<\/h2>\t\t\t\t<\/div>\n\t\t\t\t<\/div>\n\t\t\t\t\t<\/div>\n\t\t\t\t<\/div>\n\t\t<div data-particle_enable=\"false\" data-particle-mobile-disabled=\"false\" class=\"elementor-element elementor-element-13bd0bc e-flex e-con-boxed e-con e-parent\" data-id=\"13bd0bc\" data-element_type=\"container\">\n\t\t\t\t\t<div class=\"e-con-inner\">\n\t\t<div data-particle_enable=\"false\" data-particle-mobile-disabled=\"false\" class=\"elementor-element elementor-element-3e4370b e-con-full e-flex e-con e-child\" data-id=\"3e4370b\" data-element_type=\"container\">\n\t\t\t\t<div class=\"elementor-element elementor-element-234a387 eael-dual-header-content-align-left elementor-widget elementor-widget-eael-dual-color-header\" data-id=\"234a387\" data-element_type=\"widget\" data-widget_type=\"eael-dual-color-header.default\">\n\t\t\t\t<div class=\"elementor-widget-container\">\n\t\t\t\t\t\t\t\t<div class=\"eael-dual-header\">\n\t\t\t\t<h2 class=\"title eael-dch-title\"><span style=\"background: linear-gradient(#E78E00, #9C312D)\" class=\"eael-dch-title-text eael-dch-title-lead lead gradient-color\">\ud83c\uddef\ud83c\uddf2 OUT OF MANY,<\/span> <span class=\"eael-dch-title-text\">ONE PEOPLE JAMAICA \u2013 V\u00cdC NE\u017d OSTROV, JE TO STAV MYSLI<\/span><\/h2>\t\t\t<\/div>\n\n\t\t\t\t\t\t<\/div>\n\t\t\t\t<\/div>\n\t\t\t\t<div class=\"elementor-element elementor-element-7d7cacc elementor-widget elementor-widget-text-editor\" data-id=\"7d7cacc\" data-element_type=\"widget\" data-widget_type=\"text-editor.default\">\n\t\t\t\t<div class=\"elementor-widget-container\">\n\t\t\t\t\t\t\t\t\t<p class=\"p1\">Jamajka nen\u00ed m\u00edsto, kter\u00e9 nav\u0161t\u00edv\u00ed\u0161. Jamajka je vibe, kter\u00fd t\u011b obejme a u\u017e nepust\u00ed. Kdy\u017e vystoup\u00ed\u0161 z letadla, vzduch t\u011b hned pozdrav\u00ed \u2013 von\u00ed po mo\u0159i, slunci a d\u00e1lce, kde neexistuje stres.<strong> Tady zapomene\u0161 na \u010das, tady si vzpomene\u0161, jak\u00e9 to je \u017e\u00edt.<\/strong><\/p><p class=\"p1\">B\u00edl\u00e9 pl\u00e1\u017ee rozp\u00e1len\u00e9 sluncem, mo\u0159e tak azurov\u00e9, \u017ee se ti zd\u00e1, jako by to ani nebyla voda, ale tekouc\u00ed nebe. Ve vzduchu je sly\u0161et reggae \u2013 tep ostrova. V\u0161echno se zpomal\u00ed. <strong>Nic nemus\u00ed\u0161, v\u0161echno m\u016f\u017ee\u0161.<\/strong> Jamajka t\u011b neosln\u00ed luxusem. Jamajka t\u011b dostane opravdovost\u00ed. Tady si nikdo na nic nehraje. Bu\u010f s\u00e1m sebou \u2013 tady to sta\u010d\u00ed.<\/p>\t\t\t\t\t\t\t\t<\/div>\n\t\t\t\t<\/div>\n\t\t\t\t<\/div>\n\t\t<div data-particle_enable=\"false\" data-particle-mobile-disabled=\"false\" class=\"elementor-element elementor-element-46da4e1 e-con-full e-flex e-con e-child\" data-id=\"46da4e1\" data-element_type=\"container\">\n\t\t\t\t<div class=\"elementor-element elementor-element-78f767a elementor-widget elementor-widget-video\" data-id=\"78f767a\" data-element_type=\"widget\" data-settings=\"{&quot;video_type&quot;:&quot;hosted&quot;,&quot;autoplay&quot;:&quot;yes&quot;,&quot;play_on_mobile&quot;:&quot;yes&quot;,&quot;mute&quot;:&quot;yes&quot;,&quot;loop&quot;:&quot;yes&quot;}\" data-widget_type=\"video.default\">\n\t\t\t\t<div class=\"elementor-widget-container\">\n\t\t\t\t\t\t\t<div class=\"e-hosted-video elementor-wrapper elementor-open-inline\">\n\t\t\t\t\t<video class=\"elementor-video\" src=\"https:\/\/caribbeanblondietour.com\/wp-content\/uploads\/2025\/03\/20250304_1949_Jamaican-Beach-Serenity_simple_compose_01jnh7v3j3evns5trb9kv95gxd.mp4\" autoplay=\"\" loop=\"\" muted=\"muted\" playsinline=\"\" controlslist=\"nodownload\" poster=\"https:\/\/caribbeanblondietour.com\/wp-content\/uploads\/2026\/04\/Snimka-obrazovky-2026-04-20-o-21.41.17-scaled.webp\"><\/video>\n\t\t\t\t<\/div>\n\t\t\t\t\t\t<\/div>\n\t\t\t\t<\/div>\n\t\t\t\t<\/div>\n\t\t\t\t\t<\/div>\n\t\t\t\t<\/div>\n\t\t<div data-particle_enable=\"false\" data-particle-mobile-disabled=\"false\" class=\"elementor-element elementor-element-d160921 e-flex e-con-boxed e-con e-parent\" data-id=\"d160921\" data-element_type=\"container\">\n\t\t\t\t\t<div class=\"e-con-inner\">\n\t\t<div data-particle_enable=\"false\" data-particle-mobile-disabled=\"false\" class=\"elementor-element elementor-element-ce8a82e e-con-full e-flex e-con e-child\" data-id=\"ce8a82e\" data-element_type=\"container\">\n\t\t\t\t<div class=\"elementor-element elementor-element-8b23fc5 elementor-widget elementor-widget-video\" data-id=\"8b23fc5\" data-element_type=\"widget\" data-settings=\"{&quot;video_type&quot;:&quot;hosted&quot;,&quot;autoplay&quot;:&quot;yes&quot;,&quot;play_on_mobile&quot;:&quot;yes&quot;,&quot;mute&quot;:&quot;yes&quot;,&quot;loop&quot;:&quot;yes&quot;}\" data-widget_type=\"video.default\">\n\t\t\t\t<div class=\"elementor-widget-container\">\n\t\t\t\t\t\t\t<div class=\"e-hosted-video elementor-wrapper elementor-open-inline\">\n\t\t\t\t\t<video class=\"elementor-video\" src=\"https:\/\/caribbeanblondietour.com\/wp-content\/uploads\/2025\/03\/20250304_1946_Jamaican-Beach-Serenity_simple_compose_01jnh7nqd0e0kay440zmag4j2b.mp4\" autoplay=\"\" loop=\"\" muted=\"muted\" playsinline=\"\" controlslist=\"nodownload\"><\/video>\n\t\t\t\t<\/div>\n\t\t\t\t\t\t<\/div>\n\t\t\t\t<\/div>\n\t\t\t\t<\/div>\n\t\t<div data-particle_enable=\"false\" data-particle-mobile-disabled=\"false\" class=\"elementor-element elementor-element-69d2771 e-con-full e-flex e-con e-child\" data-id=\"69d2771\" data-element_type=\"container\">\n\t\t\t\t<div class=\"elementor-element elementor-element-ee19a59 elementor-widget elementor-widget-text-editor\" data-id=\"ee19a59\" data-element_type=\"widget\" data-widget_type=\"text-editor.default\">\n\t\t\t\t<div class=\"elementor-widget-container\">\n\t\t\t\t\t\t\t\t\t<p class=\"p1\">Z\u00e1pad ostrova je jako sen, kter\u00fd nechce\u0161 ukon\u010dit. Tropick\u00e1 p\u0159\u00edroda, divok\u00e9 vodop\u00e1dy, laguny, jeskyn\u011b, mot\u00fdli hraj\u00edc\u00ed v\u0161emi barvami a kolib\u0159\u00edci mal\u00ed jako kapky sv\u011btla. V\u0161echno tu \u017eije \u2013 jemn\u011b, voln\u011b, ve vlastn\u00edm rytmu.<\/p><p class=\"p1\">A kdy\u017e se vyd\u00e1\u0161 d\u00e1l..<\/p><p class=\"p1\">Na jih, kde je p\u016fda rud\u00e1 a vzduch von\u00ed po cukrov\u00e9 t\u0159tin\u011b, objev\u00ed\u0161 skrytou kr\u00e1su. Farmy, \u0159eky, ticho a nebe bez mrak\u016f. Na v\u00fdchod\u011b se zvedaj\u00ed hory zahalen\u00e9 v rann\u00ed mlze. Je tam ticho, kter\u00e9 nel\u017ee. Tady se p\u0159\u00edroda dot\u00fdk\u00e1 nebe, a kdy\u017e zav\u0159e\u0161 o\u010di, sly\u0161\u00ed\u0161, jak se ostrov nadechuje. Na severu se d\u017eungle propoji s mo\u0159em. \u010cerstv\u00fd v\u00edtr von\u00ed po ovoci, a pl\u00e1\u017ee jsou tu sv\u011b\u017e\u00ed a obklopen\u00e9 zelen\u00ed.<\/p>\t\t\t\t\t\t\t\t<\/div>\n\t\t\t\t<\/div>\n\t\t\t\t<\/div>\n\t\t\t\t\t<\/div>\n\t\t\t\t<\/div>\n\t\t<div data-particle_enable=\"false\" data-particle-mobile-disabled=\"false\" class=\"elementor-element elementor-element-4753f54 e-flex e-con-boxed e-con e-parent\" data-id=\"4753f54\" data-element_type=\"container\">\n\t\t\t\t\t<div class=\"e-con-inner\">\n\t\t<div data-particle_enable=\"false\" data-particle-mobile-disabled=\"false\" class=\"elementor-element elementor-element-3ff0f94 e-con-full e-flex e-con e-child\" data-id=\"3ff0f94\" data-element_type=\"container\">\n\t\t\t\t<div class=\"elementor-element elementor-element-7355bc2 elementor-widget elementor-widget-text-editor\" data-id=\"7355bc2\" data-element_type=\"widget\" data-widget_type=\"text-editor.default\">\n\t\t\t\t<div class=\"elementor-widget-container\">\n\t\t\t\t\t\t\t\t\t<p class=\"p1\">Ka\u017ed\u00e1 \u010d\u00e1st Jamajky m\u00e1 sv\u016fj vlastn\u00ed zvuk \u2013 a dohromady tvo\u0159\u00ed n\u00e1dhernou p\u00edse\u0148. A ve\u010der? Z\u00e1pad slunce, kter\u00fd t\u011b zastav\u00ed uprost\u0159ed kroku. Obloha ho\u0159\u00ed oran\u017eovou, fialovou a r\u016f\u017eovou \u2013 jako by den necht\u011bl odej\u00edt potichu. Do toho v\u016fn\u011b grilu, sm\u00edch a hudba ze v\u0161ech stran.<\/p><p class=\"p1\">Jamajka nen\u00ed pro ty, co cht\u011bj\u00ed seznam \u201emust-see\u201c. Je pro ty, co cht\u011bj\u00ed v\u00edc \u2013 z\u00e1\u017eitky, vzpom\u00ednky a okam\u017eiky, kter\u00e9 z\u016fstanou. Proto\u017ee pr\u00e1v\u011b na t\u011bch z\u00e1le\u017e\u00ed.<\/p>\t\t\t\t\t\t\t\t<\/div>\n\t\t\t\t<\/div>\n\t\t\t\t<\/div>\n\t\t<div data-particle_enable=\"false\" data-particle-mobile-disabled=\"false\" class=\"elementor-element elementor-element-0d186b2 e-con-full e-flex e-con e-child\" data-id=\"0d186b2\" data-element_type=\"container\">\n\t\t\t\t<div class=\"elementor-element elementor-element-963217b elementor-widget elementor-widget-video\" data-id=\"963217b\" data-element_type=\"widget\" data-settings=\"{&quot;video_type&quot;:&quot;hosted&quot;,&quot;autoplay&quot;:&quot;yes&quot;,&quot;play_on_mobile&quot;:&quot;yes&quot;,&quot;mute&quot;:&quot;yes&quot;,&quot;loop&quot;:&quot;yes&quot;}\" data-widget_type=\"video.default\">\n\t\t\t\t<div class=\"elementor-widget-container\">\n\t\t\t\t\t\t\t<div class=\"e-hosted-video elementor-wrapper elementor-open-inline\">\n\t\t\t\t\t<video class=\"elementor-video\" src=\"https:\/\/caribbeanblondietour.com\/wp-content\/uploads\/2025\/03\/20250306_0930_Tropical-Paradise-Bliss_simple_compose_01jnn97gqafmran6ht83pse863.mp4\" autoplay=\"\" loop=\"\" muted=\"muted\" playsinline=\"\" controlslist=\"nodownload\"><\/video>\n\t\t\t\t<\/div>\n\t\t\t\t\t\t<\/div>\n\t\t\t\t<\/div>\n\t\t\t\t<\/div>\n\t\t\t\t\t<\/div>\n\t\t\t\t<\/div>\n\t\t<div data-particle_enable=\"false\" data-particle-mobile-disabled=\"false\" class=\"elementor-element elementor-element-f8ae1fb e-flex e-con-boxed e-con e-parent\" data-id=\"f8ae1fb\" data-element_type=\"container\" data-settings=\"{&quot;background_background&quot;:&quot;gradient&quot;}\">\n\t\t\t\t\t<div class=\"e-con-inner\">\n\t\t<div data-particle_enable=\"false\" data-particle-mobile-disabled=\"false\" class=\"elementor-element elementor-element-c1a780c e-con-full e-flex e-con e-child\" data-id=\"c1a780c\" data-element_type=\"container\">\n\t\t\t\t<div class=\"elementor-element elementor-element-194fe84 eael-dual-header-content-align-left elementor-widget elementor-widget-eael-dual-color-header\" data-id=\"194fe84\" data-element_type=\"widget\" data-widget_type=\"eael-dual-color-header.default\">\n\t\t\t\t<div class=\"elementor-widget-container\">\n\t\t\t\t\t\t\t\t<div class=\"eael-dual-header\">\n\t\t\t\t<h2 class=\"title eael-dch-title\"><span style=\"background: linear-gradient(#FFFFFF, #FFFFFF)\" class=\"eael-dch-title-text eael-dch-title-lead lead gradient-color\">V\u00edc o Jamajce<\/span> <span class=\"eael-dch-title-text\"><\/span><\/h2>\t\t\t<\/div>\n\n\t\t\t\t\t\t<\/div>\n\t\t\t\t<\/div>\n\t\t<div data-particle_enable=\"false\" data-particle-mobile-disabled=\"false\" class=\"elementor-element elementor-element-cef6462 e-grid e-con-full e-con e-child\" data-id=\"cef6462\" data-element_type=\"container\">\n\t\t<div data-particle_enable=\"false\" data-particle-mobile-disabled=\"false\" class=\"elementor-element elementor-element-41050b3 e-con-full e-flex e-con e-child\" data-id=\"41050b3\" data-element_type=\"container\" data-settings=\"{&quot;background_background&quot;:&quot;classic&quot;}\">\n\t\t\t\t<div class=\"elementor-element elementor-element-6d1036c elementor-widget elementor-widget-heading\" data-id=\"6d1036c\" data-element_type=\"widget\" data-widget_type=\"heading.default\">\n\t\t\t\t<div class=\"elementor-widget-container\">\n\t\t\t\t\t<h2 class=\"elementor-heading-title elementor-size-default\"><a href=\"\/en\/destinace\/\">Destinations<\/a><\/h2>\t\t\t\t<\/div>\n\t\t\t\t<\/div>\n\t\t\t\t<\/div>\n\t\t<div data-particle_enable=\"false\" data-particle-mobile-disabled=\"false\" class=\"elementor-element elementor-element-2e784df e-con-full e-flex e-con e-child\" data-id=\"2e784df\" data-element_type=\"container\" data-settings=\"{&quot;background_background&quot;:&quot;classic&quot;}\">\n\t\t\t\t<div class=\"elementor-element elementor-element-39a7504 elementor-widget elementor-widget-heading\" data-id=\"39a7504\" data-element_type=\"widget\" data-widget_type=\"heading.default\">\n\t\t\t\t<div class=\"elementor-widget-container\">\n\t\t\t\t\t<h2 class=\"elementor-heading-title elementor-size-default\"><a href=\"\/en\/gastronomie\/\">Gastronomy<\/a><\/h2>\t\t\t\t<\/div>\n\t\t\t\t<\/div>\n\t\t\t\t<\/div>\n\t\t<div data-particle_enable=\"false\" data-particle-mobile-disabled=\"false\" class=\"elementor-element elementor-element-c57dbd1 e-con-full e-flex e-con e-child\" data-id=\"c57dbd1\" data-element_type=\"container\" data-settings=\"{&quot;background_background&quot;:&quot;classic&quot;}\">\n\t\t\t\t<div class=\"elementor-element elementor-element-bb34c61 elementor-widget elementor-widget-heading\" data-id=\"bb34c61\" data-element_type=\"widget\" data-widget_type=\"heading.default\">\n\t\t\t\t<div class=\"elementor-widget-container\">\n\t\t\t\t\t<h2 class=\"elementor-heading-title elementor-size-default\"><a href=\"\/en\/kultura\/\">Culture<\/a><\/h2>\t\t\t\t<\/div>\n\t\t\t\t<\/div>\n\t\t\t\t<\/div>\n\t\t<div data-particle_enable=\"false\" data-particle-mobile-disabled=\"false\" class=\"elementor-element elementor-element-311150e e-con-full e-flex e-con e-child\" data-id=\"311150e\" data-element_type=\"container\" data-settings=\"{&quot;background_background&quot;:&quot;classic&quot;}\">\n\t\t\t\t<div class=\"elementor-element elementor-element-a9db98c elementor-widget elementor-widget-heading\" data-id=\"a9db98c\" data-element_type=\"widget\" data-widget_type=\"heading.default\">\n\t\t\t\t<div class=\"elementor-widget-container\">\n\t\t\t\t\t<h2 class=\"elementor-heading-title elementor-size-default\"><a href=\"\/en\/specifika\/\">Specifics<\/a><\/h2>\t\t\t\t<\/div>\n\t\t\t\t<\/div>\n\t\t\t\t<\/div>\n\t\t\t\t<\/div>\n\t\t\t\t<\/div>\n\t\t\t\t\t<\/div>\n\t\t\t\t<\/div>\n\t\t\t\t<\/div>","protected":false},"excerpt":{"rendered":"<p>O Jamajce \ud83c\uddef\ud83c\uddf2 OUT OF MANY, ONE PEOPLE JAMAICA \u2013 V\u00cdC NE\u017d OSTROV, JE TO STAV MYSLI Jamajka nen\u00ed m\u00edsto, kter\u00e9 nav\u0161t\u00edv\u00ed\u0161. Jamajka je vibe, kter\u00fd t\u011b obejme a u\u017e nepust\u00ed. Kdy\u017e vystoup\u00ed\u0161 z letadla, vzduch t\u011b hned pozdrav\u00ed \u2013 von\u00ed po mo\u0159i, slunci a d\u00e1lce, kde neexistuje stres. Tady zapomene\u0161 na \u010das, tady si [&hellip;]<\/p>","protected":false},"author":1,"featured_media":0,"parent":0,"menu_order":0,"comment_status":"closed","ping_status":"closed","template":"","meta":{"footnotes":""},"class_list":["post-497","page","type-page","status-publish","hentry"],"blocksy_meta":[],"yoast_head":"<!-- This site is optimized with the Yoast SEO Premium plugin v24.3 (Yoast SEO v26.8) - https:\/\/yoast.com\/product\/yoast-seo-premium-wordpress\/ -->\n<title>O Jamajce - Caribbeanblondietour<\/title>\n<meta name=\"robots\" content=\"index, follow, max-snippet:-1, max-image-preview:large, max-video-preview:-1\" \/>\n<link rel=\"canonical\" href=\"https:\/\/caribbeanblondietour.com\/en\/o-jamajce\/\" \/>\n<meta property=\"og:locale\" content=\"en_GB\" \/>\n<meta property=\"og:type\" content=\"article\" \/>\n<meta property=\"og:title\" content=\"O Jamajce\" \/>\n<meta property=\"og:description\" content=\"O Jamajce \ud83c\uddef\ud83c\uddf2 OUT OF MANY, ONE PEOPLE JAMAICA \u2013 V\u00cdC NE\u017d OSTROV, JE TO STAV MYSLI Jamajka nen\u00ed m\u00edsto, kter\u00e9 nav\u0161t\u00edv\u00ed\u0161. Jamajka je vibe, kter\u00fd t\u011b obejme a u\u017e nepust\u00ed. Kdy\u017e vystoup\u00ed\u0161 z letadla, vzduch t\u011b hned pozdrav\u00ed \u2013 von\u00ed po mo\u0159i, slunci a d\u00e1lce, kde neexistuje stres. Tady zapomene\u0161 na \u010das, tady si [&hellip;]\" \/>\n<meta property=\"og:url\" content=\"https:\/\/caribbeanblondietour.com\/en\/o-jamajce\/\" \/>\n<meta property=\"og:site_name\" content=\"Caribbeanblondietour\" \/>\n<meta property=\"article:modified_time\" content=\"2026-04-20T19:41:57+00:00\" \/>\n<meta name=\"twitter:card\" content=\"summary_large_image\" \/>\n<meta name=\"twitter:label1\" content=\"Estimated reading time\" \/>\n\t<meta name=\"twitter:data1\" content=\"2 minutes\" \/>\n<script type=\"application\/ld+json\" class=\"yoast-schema-graph\">{\"@context\":\"https:\/\/schema.org\",\"@graph\":[{\"@type\":\"WebPage\",\"@id\":\"https:\/\/caribbeanblondietour.com\/o-jamajce\/\",\"url\":\"https:\/\/caribbeanblondietour.com\/o-jamajce\/\",\"name\":\"O Jamajce - Caribbeanblondietour\",\"isPartOf\":{\"@id\":\"https:\/\/caribbeanblondietour.com\/#website\"},\"datePublished\":\"2025-03-01T21:59:17+00:00\",\"dateModified\":\"2026-04-20T19:41:57+00:00\",\"breadcrumb\":{\"@id\":\"https:\/\/caribbeanblondietour.com\/o-jamajce\/#breadcrumb\"},\"inLanguage\":\"en-GB\",\"potentialAction\":[{\"@type\":\"ReadAction\",\"target\":[\"https:\/\/caribbeanblondietour.com\/o-jamajce\/\"]}]},{\"@type\":\"BreadcrumbList\",\"@id\":\"https:\/\/caribbeanblondietour.com\/o-jamajce\/#breadcrumb\",\"itemListElement\":[{\"@type\":\"ListItem\",\"position\":1,\"name\":\"Home\",\"item\":\"https:\/\/caribbeanblondietour.com\/\"},{\"@type\":\"ListItem\",\"position\":2,\"name\":\"O Jamajce\"}]},{\"@type\":\"WebSite\",\"@id\":\"https:\/\/caribbeanblondietour.com\/#website\",\"url\":\"https:\/\/caribbeanblondietour.com\/\",\"name\":\"Caribbeanblondietour\",\"description\":\"\",\"publisher\":{\"@id\":\"https:\/\/caribbeanblondietour.com\/#organization\"},\"potentialAction\":[{\"@type\":\"SearchAction\",\"target\":{\"@type\":\"EntryPoint\",\"urlTemplate\":\"https:\/\/caribbeanblondietour.com\/?s={search_term_string}\"},\"query-input\":{\"@type\":\"PropertyValueSpecification\",\"valueRequired\":true,\"valueName\":\"search_term_string\"}}],\"inLanguage\":\"en-GB\"},{\"@type\":\"Organization\",\"@id\":\"https:\/\/caribbeanblondietour.com\/#organization\",\"name\":\"Caribbeanblondietour\",\"url\":\"https:\/\/caribbeanblondietour.com\/\",\"logo\":{\"@type\":\"ImageObject\",\"inLanguage\":\"en-GB\",\"@id\":\"https:\/\/caribbeanblondietour.com\/#\/schema\/logo\/image\/\",\"url\":\"https:\/\/caribbeanblondietour.com\/wp-content\/uploads\/2025\/02\/logo.png\",\"contentUrl\":\"https:\/\/caribbeanblondietour.com\/wp-content\/uploads\/2025\/02\/logo.png\",\"width\":2043,\"height\":778,\"caption\":\"Caribbeanblondietour\"},\"image\":{\"@id\":\"https:\/\/caribbeanblondietour.com\/#\/schema\/logo\/image\/\"}}]}<\/script>\n<!-- \/ Yoast SEO Premium plugin. -->","yoast_head_json":{"title":"O Jamajce - Caribbeanblondietour","robots":{"index":"index","follow":"follow","max-snippet":"max-snippet:-1","max-image-preview":"max-image-preview:large","max-video-preview":"max-video-preview:-1"},"canonical":"https:\/\/caribbeanblondietour.com\/en\/o-jamajce\/","og_locale":"en_GB","og_type":"article","og_title":"O Jamajce","og_description":"O Jamajce \ud83c\uddef\ud83c\uddf2 OUT OF MANY, ONE PEOPLE JAMAICA \u2013 V\u00cdC NE\u017d OSTROV, JE TO STAV MYSLI Jamajka nen\u00ed m\u00edsto, kter\u00e9 nav\u0161t\u00edv\u00ed\u0161. Jamajka je vibe, kter\u00fd t\u011b obejme a u\u017e nepust\u00ed. Kdy\u017e vystoup\u00ed\u0161 z letadla, vzduch t\u011b hned pozdrav\u00ed \u2013 von\u00ed po mo\u0159i, slunci a d\u00e1lce, kde neexistuje stres. Tady zapomene\u0161 na \u010das, tady si [&hellip;]","og_url":"https:\/\/caribbeanblondietour.com\/en\/o-jamajce\/","og_site_name":"Caribbeanblondietour","article_modified_time":"2026-04-20T19:41:57+00:00","twitter_card":"summary_large_image","twitter_misc":{"Estimated reading time":"2 minutes"},"schema":{"@context":"https:\/\/schema.org","@graph":[{"@type":"WebPage","@id":"https:\/\/caribbeanblondietour.com\/o-jamajce\/","url":"https:\/\/caribbeanblondietour.com\/o-jamajce\/","name":"O Jamajce - Caribbeanblondietour","isPartOf":{"@id":"https:\/\/caribbeanblondietour.com\/#website"},"datePublished":"2025-03-01T21:59:17+00:00","dateModified":"2026-04-20T19:41:57+00:00","breadcrumb":{"@id":"https:\/\/caribbeanblondietour.com\/o-jamajce\/#breadcrumb"},"inLanguage":"en-GB","potentialAction":[{"@type":"ReadAction","target":["https:\/\/caribbeanblondietour.com\/o-jamajce\/"]}]},{"@type":"BreadcrumbList","@id":"https:\/\/caribbeanblondietour.com\/o-jamajce\/#breadcrumb","itemListElement":[{"@type":"ListItem","position":1,"name":"Home","item":"https:\/\/caribbeanblondietour.com\/"},{"@type":"ListItem","position":2,"name":"O Jamajce"}]},{"@type":"WebSite","@id":"https:\/\/caribbeanblondietour.com\/#website","url":"https:\/\/caribbeanblondietour.com\/","name":"Caribbeanblondietour","description":"","publisher":{"@id":"https:\/\/caribbeanblondietour.com\/#organization"},"potentialAction":[{"@type":"SearchAction","target":{"@type":"EntryPoint","urlTemplate":"https:\/\/caribbeanblondietour.com\/?s={search_term_string}"},"query-input":{"@type":"PropertyValueSpecification","valueRequired":true,"valueName":"search_term_string"}}],"inLanguage":"en-GB"},{"@type":"Organization","@id":"https:\/\/caribbeanblondietour.com\/#organization","name":"Caribbeanblondietour","url":"https:\/\/caribbeanblondietour.com\/","logo":{"@type":"ImageObject","inLanguage":"en-GB","@id":"https:\/\/caribbeanblondietour.com\/#\/schema\/logo\/image\/","url":"https:\/\/caribbeanblondietour.com\/wp-content\/uploads\/2025\/02\/logo.png","contentUrl":"https:\/\/caribbeanblondietour.com\/wp-content\/uploads\/2025\/02\/logo.png","width":2043,"height":778,"caption":"Caribbeanblondietour"},"image":{"@id":"https:\/\/caribbeanblondietour.com\/#\/schema\/logo\/image\/"}}]}},"_links":{"self":[{"href":"https:\/\/caribbeanblondietour.com\/en\/wp-json\/wp\/v2\/pages\/497","targetHints":{"allow":["GET"]}}],"collection":[{"href":"https:\/\/caribbeanblondietour.com\/en\/wp-json\/wp\/v2\/pages"}],"about":[{"href":"https:\/\/caribbeanblondietour.com\/en\/wp-json\/wp\/v2\/types\/page"}],"author":[{"embeddable":true,"href":"https:\/\/caribbeanblondietour.com\/en\/wp-json\/wp\/v2\/users\/1"}],"replies":[{"embeddable":true,"href":"https:\/\/caribbeanblondietour.com\/en\/wp-json\/wp\/v2\/comments?post=497"}],"version-history":[{"count":3,"href":"https:\/\/caribbeanblondietour.com\/en\/wp-json\/wp\/v2\/pages\/497\/revisions"}],"predecessor-version":[{"id":4982,"href":"https:\/\/caribbeanblondietour.com\/en\/wp-json\/wp\/v2\/pages\/497\/revisions\/4982"}],"wp:attachment":[{"href":"https:\/\/caribbeanblondietour.com\/en\/wp-json\/wp\/v2\/media?parent=497"}],"curies":[{"name":"wp","href":"https:\/\/api.w.org\/{rel}","templated":true}]}}