{"id":887,"date":"2025-03-06T13:40:15","date_gmt":"2025-03-06T12:40:15","guid":{"rendered":"https:\/\/caribbean.pronio.sk\/?page_id=887"},"modified":"2025-05-12T15:10:41","modified_gmt":"2025-05-12T13:10:41","slug":"o-nas","status":"publish","type":"page","link":"https:\/\/caribbeanblondietour.com\/en\/o-nas\/","title":{"rendered":"About us"},"content":{"rendered":"<div data-elementor-type=\"wp-page\" data-elementor-id=\"887\" class=\"elementor elementor-887\" data-elementor-post-type=\"page\">\n\t\t\t\t<div data-particle_enable=\"false\" data-particle-mobile-disabled=\"false\" class=\"elementor-element elementor-element-4d6b67f e-flex e-con-boxed e-con e-parent\" data-id=\"4d6b67f\" data-element_type=\"container\" data-settings=\"{&quot;background_background&quot;:&quot;gradient&quot;}\">\n\t\t\t\t\t<div class=\"e-con-inner\">\n\t\t\t\t<div class=\"elementor-element elementor-element-a831e6b elementor-widget elementor-widget-heading\" data-id=\"a831e6b\" data-element_type=\"widget\" data-widget_type=\"heading.default\">\n\t\t\t\t<div class=\"elementor-widget-container\">\n\t\t\t\t\t<h2 class=\"elementor-heading-title elementor-size-default\">Who are we?<\/h2>\t\t\t\t<\/div>\n\t\t\t\t<\/div>\n\t\t\t\t\t<\/div>\n\t\t\t\t<\/div>\n\t\t<div data-particle_enable=\"false\" data-particle-mobile-disabled=\"false\" class=\"elementor-element elementor-element-ad3fd9d e-flex e-con-boxed e-con e-parent\" data-id=\"ad3fd9d\" data-element_type=\"container\">\n\t\t\t\t\t<div class=\"e-con-inner\">\n\t\t<div data-particle_enable=\"false\" data-particle-mobile-disabled=\"false\" class=\"elementor-element elementor-element-d77f3fe e-con-full e-flex e-con e-child\" data-id=\"d77f3fe\" data-element_type=\"container\">\n\t\t\t\t<div class=\"elementor-element elementor-element-329d34d eael-dual-header-content-align-left elementor-widget elementor-widget-eael-dual-color-header\" data-id=\"329d34d\" data-element_type=\"widget\" data-widget_type=\"eael-dual-color-header.default\">\n\t\t\t\t<div class=\"elementor-widget-container\">\n\t\t\t\t\t\t\t\t<div class=\"eael-dual-header\">\n\t\t\t\t<h2 class=\"title eael-dch-title translation-block\"><span style=\"background: linear-gradient(#E78E00, #9C312D)\" class=\"eael-dch-title-text eael-dch-title-lead lead gradient-color\">My name is<\/span> <span class=\"eael-dch-title-text\">Martina<\/span><\/h2>\t\t\t<\/div>\n\n\t\t\t\t\t\t<\/div>\n\t\t\t\t<\/div>\n\t\t\t\t<div class=\"elementor-element elementor-element-1890bad elementor-widget elementor-widget-text-editor\" data-id=\"1890bad\" data-element_type=\"widget\" data-widget_type=\"text-editor.default\">\n\t\t\t\t<div class=\"elementor-widget-container\">\n\t\t\t\t\t\t\t\t\t<p>I was born in the Czech Republic. After finishing my studies, I lived in England for a year and in Germany for 17 years. For the last five years, I have been living in Jamaica. I first visited the Caribbean in 2011, when I sailed on a cruise ship from the Dutch Caribbean islands off the coast of Venezuela around the so-called ABC triangle. From south to west\u2014to the Greater Antilles\u2014I was captivated by the beauty of the Caribbean.<\/p><p>Each of these larger and smaller islands was special and unique in its own way. Surrounded by untouched nature, fascinated by the beautiful images painted by Mother Nature, I slowly but surely approached the Jamaican coast. It was love at first sight, and I quickly realized that I had found my paradise. I was greeted by a pleasant atmosphere to the rhythm of reggae tones, the smell of marijuana wafting through the air, and a group of helpful Rastafarians welcoming me with broad, friendly smiles.<\/p><p>It was the beginning of a new chapter in my life. An extraordinary vacation turned into a passion and enthusiasm for discovering the unknown. I gradually explored the unknown. I saw what I could recommend to you if you feel like trying something new. I waded through the jungle and searched for the most interesting places for you. I tried different types of accommodation because we all like a good night's sleep without annoying insects, cockroaches, rats, or spiders, and a working shower.\u00a0<\/p>\t\t\t\t\t\t\t\t<\/div>\n\t\t\t\t<\/div>\n\t\t\t\t<\/div>\n\t\t\t\t<div class=\"elementor-element elementor-element-cef55a8 elementor-widget elementor-widget-image\" data-id=\"cef55a8\" data-element_type=\"widget\" data-widget_type=\"image.default\">\n\t\t\t\t<div class=\"elementor-widget-container\">\n\t\t\t\t\t\t\t\t\t\t\t\t\t\t\t<img fetchpriority=\"high\" decoding=\"async\" width=\"862\" height=\"1024\" src=\"https:\/\/caribbeanblondietour.com\/wp-content\/uploads\/2025\/03\/DSC04472-scaled-1-e1741523761460-862x1024.jpg\" class=\"attachment-large size-large wp-image-1116\" alt=\"\" srcset=\"https:\/\/caribbeanblondietour.com\/wp-content\/uploads\/2025\/03\/DSC04472-scaled-1-e1741523761460-862x1024.jpg 862w, https:\/\/caribbeanblondietour.com\/wp-content\/uploads\/2025\/03\/DSC04472-scaled-1-e1741523761460-253x300.jpg 253w, https:\/\/caribbeanblondietour.com\/wp-content\/uploads\/2025\/03\/DSC04472-scaled-1-e1741523761460-768x912.jpg 768w, https:\/\/caribbeanblondietour.com\/wp-content\/uploads\/2025\/03\/DSC04472-scaled-1-e1741523761460-1293x1536.jpg 1293w, https:\/\/caribbeanblondietour.com\/wp-content\/uploads\/2025\/03\/DSC04472-scaled-1-e1741523761460-10x12.jpg 10w, https:\/\/caribbeanblondietour.com\/wp-content\/uploads\/2025\/03\/DSC04472-scaled-1-e1741523761460-600x713.jpg 600w, https:\/\/caribbeanblondietour.com\/wp-content\/uploads\/2025\/03\/DSC04472-scaled-1-e1741523761460.jpg 1440w\" sizes=\"(max-width: 862px) 100vw, 862px\" \/>\t\t\t\t\t\t\t\t\t\t\t\t\t\t\t<\/div>\n\t\t\t\t<\/div>\n\t\t\t\t\t<\/div>\n\t\t\t\t<\/div>\n\t\t<div data-particle_enable=\"false\" data-particle-mobile-disabled=\"false\" class=\"elementor-element elementor-element-114f84d e-flex e-con-boxed e-con e-parent\" data-id=\"114f84d\" data-element_type=\"container\">\n\t\t\t\t\t<div class=\"e-con-inner\">\n\t\t\t\t<div class=\"elementor-element elementor-element-d3bce46 elementor-widget elementor-widget-image\" data-id=\"d3bce46\" data-element_type=\"widget\" data-widget_type=\"image.default\">\n\t\t\t\t<div class=\"elementor-widget-container\">\n\t\t\t\t\t\t\t\t\t\t\t\t\t\t\t<img decoding=\"async\" width=\"620\" height=\"482\" src=\"https:\/\/caribbeanblondietour.com\/wp-content\/uploads\/2025\/03\/Genius-e1741523889996.jpg\" class=\"attachment-large size-large wp-image-1115\" alt=\"\" srcset=\"https:\/\/caribbeanblondietour.com\/wp-content\/uploads\/2025\/03\/Genius-e1741523889996.jpg 620w, https:\/\/caribbeanblondietour.com\/wp-content\/uploads\/2025\/03\/Genius-e1741523889996-300x233.jpg 300w, https:\/\/caribbeanblondietour.com\/wp-content\/uploads\/2025\/03\/Genius-e1741523889996-15x12.jpg 15w, https:\/\/caribbeanblondietour.com\/wp-content\/uploads\/2025\/03\/Genius-e1741523889996-600x466.jpg 600w\" sizes=\"(max-width: 620px) 100vw, 620px\" \/>\t\t\t\t\t\t\t\t\t\t\t\t\t\t\t<\/div>\n\t\t\t\t<\/div>\n\t\t<div data-particle_enable=\"false\" data-particle-mobile-disabled=\"false\" class=\"elementor-element elementor-element-9e9e44c e-con-full e-flex e-con e-child\" data-id=\"9e9e44c\" data-element_type=\"container\">\n\t\t\t\t<div class=\"elementor-element elementor-element-bfd8813 eael-dual-header-content-align-left elementor-widget elementor-widget-eael-dual-color-header\" data-id=\"bfd8813\" data-element_type=\"widget\" data-widget_type=\"eael-dual-color-header.default\">\n\t\t\t\t<div class=\"elementor-widget-container\">\n\t\t\t\t\t\t\t\t<div class=\"eael-dual-header\">\n\t\t\t\t<h2 class=\"title eael-dch-title\"><span style=\"background: linear-gradient(#E78E00, #9C312D)\" class=\"eael-dch-title-text eael-dch-title-lead lead gradient-color\">My name is<\/span> <span class=\"eael-dch-title-text\">Genius<\/span><\/h2>\t\t\t<\/div>\n\n\t\t\t\t\t\t<\/div>\n\t\t\t\t<\/div>\n\t\t\t\t<div class=\"elementor-element elementor-element-f023f4e elementor-widget elementor-widget-text-editor\" data-id=\"f023f4e\" data-element_type=\"widget\" data-widget_type=\"text-editor.default\">\n\t\t\t\t<div class=\"elementor-widget-container\">\n\t\t\t\t\t\t\t\t\t<p>I was born in Jamaica. As the eldest of five siblings, I learned responsibility and discipline at an early age.<\/p><p>While studying at technical school, like everyone else, I earned extra money doing various part-time jobs, and thanks to that, I soon discovered that I enjoyed cooking. I didn't hesitate and decided to do an apprenticeship. After completing it, I obtained a certificate and was able to devote myself fully to what I really enjoyed. For the next six years, I worked as a chef in one of the best hotels in Montego Bay.<\/p><p>In addition, I offered my services (weddings, birthdays, cooking on a catamaran, picnics, food delivery, party service, catering, etc.) mainly to tourists from the US and Canada. During this time, I had the opportunity to travel all over Jamaica and learn about the work of a driver, guide, and translator. However, my passion is preparing food, from picnics to street food to fabulous barbecues.<\/p><p>You can rely on my professional commitment, creativity, and positive attitude.<\/p>\t\t\t\t\t\t\t\t<\/div>\n\t\t\t\t<\/div>\n\t\t\t\t<\/div>\n\t\t\t\t\t<\/div>\n\t\t\t\t<\/div>\n\t\t\t\t<\/div>","protected":false},"excerpt":{"rendered":"<p>Kdo jsme? Jmenuji se Martina Narodila jsem se v \u010cesk\u00e9 republice. Po ukon\u010den\u00ed studi\u00ed jsem \u017eila jeden rok v Anglii a 17 let v N\u011bmecku. Posledn\u00edch p\u011bt let \u017eiji na Jamajce. Karibik jsem poprv\u00e9 nav\u0161t\u00edvila v roce 2011, kdy jsem se plavila v\u00fdletn\u00ed lod\u00ed od holandskokaribsk\u00fdch ostrov\u016f u venezuelsk\u00e9ho pob\u0159e\u017e\u00ed kolem takzvan\u00e9ho troj\u00faheln\u00edku ABC. Od [&hellip;]<\/p>","protected":false},"author":1,"featured_media":0,"parent":0,"menu_order":0,"comment_status":"closed","ping_status":"closed","template":"","meta":{"footnotes":""},"class_list":["post-887","page","type-page","status-publish","hentry"],"blocksy_meta":[],"yoast_head":"<!-- This site is optimized with the Yoast SEO Premium plugin v24.3 (Yoast SEO v26.8) - https:\/\/yoast.com\/product\/yoast-seo-premium-wordpress\/ -->\n<title>O n\u00e1s - Caribbeanblondietour<\/title>\n<meta name=\"robots\" content=\"index, follow, max-snippet:-1, max-image-preview:large, max-video-preview:-1\" \/>\n<link rel=\"canonical\" href=\"https:\/\/caribbeanblondietour.com\/en\/o-nas\/\" \/>\n<meta property=\"og:locale\" content=\"en_GB\" \/>\n<meta property=\"og:type\" content=\"article\" \/>\n<meta property=\"og:title\" content=\"O n\u00e1s\" \/>\n<meta property=\"og:description\" content=\"Kdo jsme? Jmenuji se Martina Narodila jsem se v \u010cesk\u00e9 republice. Po ukon\u010den\u00ed studi\u00ed jsem \u017eila jeden rok v Anglii a 17 let v N\u011bmecku. Posledn\u00edch p\u011bt let \u017eiji na Jamajce. Karibik jsem poprv\u00e9 nav\u0161t\u00edvila v roce 2011, kdy jsem se plavila v\u00fdletn\u00ed lod\u00ed od holandskokaribsk\u00fdch ostrov\u016f u venezuelsk\u00e9ho pob\u0159e\u017e\u00ed kolem takzvan\u00e9ho troj\u00faheln\u00edku ABC. Od [&hellip;]\" \/>\n<meta property=\"og:url\" content=\"https:\/\/caribbeanblondietour.com\/en\/o-nas\/\" \/>\n<meta property=\"og:site_name\" content=\"Caribbeanblondietour\" \/>\n<meta property=\"article:modified_time\" content=\"2025-05-12T13:10:41+00:00\" \/>\n<meta property=\"og:image\" content=\"http:\/\/caribbean.pronio.sk\/wp-content\/uploads\/2025\/03\/DSC04472-scaled-1-e1741523761460-862x1024.jpg\" \/>\n<meta name=\"twitter:card\" content=\"summary_large_image\" \/>\n<meta name=\"twitter:label1\" content=\"Estimated reading time\" \/>\n\t<meta name=\"twitter:data1\" content=\"3 minutes\" \/>\n<script type=\"application\/ld+json\" class=\"yoast-schema-graph\">{\"@context\":\"https:\/\/schema.org\",\"@graph\":[{\"@type\":\"WebPage\",\"@id\":\"https:\/\/caribbeanblondietour.com\/o-nas\/\",\"url\":\"https:\/\/caribbeanblondietour.com\/o-nas\/\",\"name\":\"O n\u00e1s - Caribbeanblondietour\",\"isPartOf\":{\"@id\":\"https:\/\/caribbeanblondietour.com\/#website\"},\"primaryImageOfPage\":{\"@id\":\"https:\/\/caribbeanblondietour.com\/o-nas\/#primaryimage\"},\"image\":{\"@id\":\"https:\/\/caribbeanblondietour.com\/o-nas\/#primaryimage\"},\"thumbnailUrl\":\"http:\/\/caribbean.pronio.sk\/wp-content\/uploads\/2025\/03\/DSC04472-scaled-1-e1741523761460-862x1024.jpg\",\"datePublished\":\"2025-03-06T12:40:15+00:00\",\"dateModified\":\"2025-05-12T13:10:41+00:00\",\"breadcrumb\":{\"@id\":\"https:\/\/caribbeanblondietour.com\/o-nas\/#breadcrumb\"},\"inLanguage\":\"en-GB\",\"potentialAction\":[{\"@type\":\"ReadAction\",\"target\":[\"https:\/\/caribbeanblondietour.com\/o-nas\/\"]}]},{\"@type\":\"ImageObject\",\"inLanguage\":\"en-GB\",\"@id\":\"https:\/\/caribbeanblondietour.com\/o-nas\/#primaryimage\",\"url\":\"http:\/\/caribbean.pronio.sk\/wp-content\/uploads\/2025\/03\/DSC04472-scaled-1-e1741523761460-862x1024.jpg\",\"contentUrl\":\"http:\/\/caribbean.pronio.sk\/wp-content\/uploads\/2025\/03\/DSC04472-scaled-1-e1741523761460-862x1024.jpg\"},{\"@type\":\"BreadcrumbList\",\"@id\":\"https:\/\/caribbeanblondietour.com\/o-nas\/#breadcrumb\",\"itemListElement\":[{\"@type\":\"ListItem\",\"position\":1,\"name\":\"Home\",\"item\":\"https:\/\/caribbeanblondietour.com\/\"},{\"@type\":\"ListItem\",\"position\":2,\"name\":\"O n\u00e1s\"}]},{\"@type\":\"WebSite\",\"@id\":\"https:\/\/caribbeanblondietour.com\/#website\",\"url\":\"https:\/\/caribbeanblondietour.com\/\",\"name\":\"Caribbeanblondietour\",\"description\":\"\",\"publisher\":{\"@id\":\"https:\/\/caribbeanblondietour.com\/#organization\"},\"potentialAction\":[{\"@type\":\"SearchAction\",\"target\":{\"@type\":\"EntryPoint\",\"urlTemplate\":\"https:\/\/caribbeanblondietour.com\/?s={search_term_string}\"},\"query-input\":{\"@type\":\"PropertyValueSpecification\",\"valueRequired\":true,\"valueName\":\"search_term_string\"}}],\"inLanguage\":\"en-GB\"},{\"@type\":\"Organization\",\"@id\":\"https:\/\/caribbeanblondietour.com\/#organization\",\"name\":\"Caribbeanblondietour\",\"url\":\"https:\/\/caribbeanblondietour.com\/\",\"logo\":{\"@type\":\"ImageObject\",\"inLanguage\":\"en-GB\",\"@id\":\"https:\/\/caribbeanblondietour.com\/#\/schema\/logo\/image\/\",\"url\":\"https:\/\/caribbeanblondietour.com\/wp-content\/uploads\/2025\/02\/logo.png\",\"contentUrl\":\"https:\/\/caribbeanblondietour.com\/wp-content\/uploads\/2025\/02\/logo.png\",\"width\":2043,\"height\":778,\"caption\":\"Caribbeanblondietour\"},\"image\":{\"@id\":\"https:\/\/caribbeanblondietour.com\/#\/schema\/logo\/image\/\"}}]}<\/script>\n<!-- \/ Yoast SEO Premium plugin. -->","yoast_head_json":{"title":"O n\u00e1s - Caribbeanblondietour","robots":{"index":"index","follow":"follow","max-snippet":"max-snippet:-1","max-image-preview":"max-image-preview:large","max-video-preview":"max-video-preview:-1"},"canonical":"https:\/\/caribbeanblondietour.com\/en\/o-nas\/","og_locale":"en_GB","og_type":"article","og_title":"O n\u00e1s","og_description":"Kdo jsme? Jmenuji se Martina Narodila jsem se v \u010cesk\u00e9 republice. Po ukon\u010den\u00ed studi\u00ed jsem \u017eila jeden rok v Anglii a 17 let v N\u011bmecku. Posledn\u00edch p\u011bt let \u017eiji na Jamajce. Karibik jsem poprv\u00e9 nav\u0161t\u00edvila v roce 2011, kdy jsem se plavila v\u00fdletn\u00ed lod\u00ed od holandskokaribsk\u00fdch ostrov\u016f u venezuelsk\u00e9ho pob\u0159e\u017e\u00ed kolem takzvan\u00e9ho troj\u00faheln\u00edku ABC. Od [&hellip;]","og_url":"https:\/\/caribbeanblondietour.com\/en\/o-nas\/","og_site_name":"Caribbeanblondietour","article_modified_time":"2025-05-12T13:10:41+00:00","og_image":[{"url":"http:\/\/caribbean.pronio.sk\/wp-content\/uploads\/2025\/03\/DSC04472-scaled-1-e1741523761460-862x1024.jpg","type":"","width":"","height":""}],"twitter_card":"summary_large_image","twitter_misc":{"Estimated reading time":"3 minutes"},"schema":{"@context":"https:\/\/schema.org","@graph":[{"@type":"WebPage","@id":"https:\/\/caribbeanblondietour.com\/o-nas\/","url":"https:\/\/caribbeanblondietour.com\/o-nas\/","name":"O n\u00e1s - Caribbeanblondietour","isPartOf":{"@id":"https:\/\/caribbeanblondietour.com\/#website"},"primaryImageOfPage":{"@id":"https:\/\/caribbeanblondietour.com\/o-nas\/#primaryimage"},"image":{"@id":"https:\/\/caribbeanblondietour.com\/o-nas\/#primaryimage"},"thumbnailUrl":"http:\/\/caribbean.pronio.sk\/wp-content\/uploads\/2025\/03\/DSC04472-scaled-1-e1741523761460-862x1024.jpg","datePublished":"2025-03-06T12:40:15+00:00","dateModified":"2025-05-12T13:10:41+00:00","breadcrumb":{"@id":"https:\/\/caribbeanblondietour.com\/o-nas\/#breadcrumb"},"inLanguage":"en-GB","potentialAction":[{"@type":"ReadAction","target":["https:\/\/caribbeanblondietour.com\/o-nas\/"]}]},{"@type":"ImageObject","inLanguage":"en-GB","@id":"https:\/\/caribbeanblondietour.com\/o-nas\/#primaryimage","url":"http:\/\/caribbean.pronio.sk\/wp-content\/uploads\/2025\/03\/DSC04472-scaled-1-e1741523761460-862x1024.jpg","contentUrl":"http:\/\/caribbean.pronio.sk\/wp-content\/uploads\/2025\/03\/DSC04472-scaled-1-e1741523761460-862x1024.jpg"},{"@type":"BreadcrumbList","@id":"https:\/\/caribbeanblondietour.com\/o-nas\/#breadcrumb","itemListElement":[{"@type":"ListItem","position":1,"name":"Home","item":"https:\/\/caribbeanblondietour.com\/"},{"@type":"ListItem","position":2,"name":"O n\u00e1s"}]},{"@type":"WebSite","@id":"https:\/\/caribbeanblondietour.com\/#website","url":"https:\/\/caribbeanblondietour.com\/","name":"Caribbeanblondietour","description":"","publisher":{"@id":"https:\/\/caribbeanblondietour.com\/#organization"},"potentialAction":[{"@type":"SearchAction","target":{"@type":"EntryPoint","urlTemplate":"https:\/\/caribbeanblondietour.com\/?s={search_term_string}"},"query-input":{"@type":"PropertyValueSpecification","valueRequired":true,"valueName":"search_term_string"}}],"inLanguage":"en-GB"},{"@type":"Organization","@id":"https:\/\/caribbeanblondietour.com\/#organization","name":"Caribbeanblondietour","url":"https:\/\/caribbeanblondietour.com\/","logo":{"@type":"ImageObject","inLanguage":"en-GB","@id":"https:\/\/caribbeanblondietour.com\/#\/schema\/logo\/image\/","url":"https:\/\/caribbeanblondietour.com\/wp-content\/uploads\/2025\/02\/logo.png","contentUrl":"https:\/\/caribbeanblondietour.com\/wp-content\/uploads\/2025\/02\/logo.png","width":2043,"height":778,"caption":"Caribbeanblondietour"},"image":{"@id":"https:\/\/caribbeanblondietour.com\/#\/schema\/logo\/image\/"}}]}},"_links":{"self":[{"href":"https:\/\/caribbeanblondietour.com\/en\/wp-json\/wp\/v2\/pages\/887","targetHints":{"allow":["GET"]}}],"collection":[{"href":"https:\/\/caribbeanblondietour.com\/en\/wp-json\/wp\/v2\/pages"}],"about":[{"href":"https:\/\/caribbeanblondietour.com\/en\/wp-json\/wp\/v2\/types\/page"}],"author":[{"embeddable":true,"href":"https:\/\/caribbeanblondietour.com\/en\/wp-json\/wp\/v2\/users\/1"}],"replies":[{"embeddable":true,"href":"https:\/\/caribbeanblondietour.com\/en\/wp-json\/wp\/v2\/comments?post=887"}],"version-history":[{"count":0,"href":"https:\/\/caribbeanblondietour.com\/en\/wp-json\/wp\/v2\/pages\/887\/revisions"}],"wp:attachment":[{"href":"https:\/\/caribbeanblondietour.com\/en\/wp-json\/wp\/v2\/media?parent=887"}],"curies":[{"name":"wp","href":"https:\/\/api.w.org\/{rel}","templated":true}]}}