{"id":2820,"date":"2025-04-28T17:31:02","date_gmt":"2025-04-28T15:31:02","guid":{"rendered":"https:\/\/caribbean.pronio.sk\/?post_type=product&#038;p=2820"},"modified":"2026-01-28T09:03:03","modified_gmt":"2026-01-28T08:03:03","slug":"tui-montego-bay","status":"publish","type":"product","link":"https:\/\/caribbeanblondietour.com\/en\/product\/tui-montego-bay\/","title":{"rendered":"TUI Montego Bay"},"content":{"rendered":"<div data-elementor-type=\"product-post\" data-elementor-id=\"2820\" class=\"elementor elementor-2820\" data-elementor-post-type=\"product\">\n\t\t\t\t<div data-particle_enable=\"false\" data-particle-mobile-disabled=\"false\" class=\"elementor-element elementor-element-b04198f e-flex e-con-boxed e-con e-parent\" data-id=\"b04198f\" data-element_type=\"container\">\n\t\t\t\t\t<div class=\"e-con-inner\">\n\t\t<div data-particle_enable=\"false\" data-particle-mobile-disabled=\"false\" class=\"elementor-element elementor-element-4e6e944 e-con-full e-flex e-con e-child\" data-id=\"4e6e944\" data-element_type=\"container\">\n\t\t<div data-particle_enable=\"false\" data-particle-mobile-disabled=\"false\" class=\"elementor-element elementor-element-e32a283 e-con-full e-flex e-con e-child\" data-id=\"e32a283\" data-element_type=\"container\">\n\t\t\t\t<div class=\"elementor-element elementor-element-850d3c5 elementor-widget elementor-widget-heading\" data-id=\"850d3c5\" data-element_type=\"widget\" data-widget_type=\"heading.default\">\n\t\t\t\t<div class=\"elementor-widget-container\">\n\t\t\t\t\t<h3 class=\"elementor-heading-title elementor-size-default\">Po stop\u00e1ch Boba Marleyho &amp; pl\u00e1\u017e Doctor\u2019s Cave<\/h3>\t\t\t\t<\/div>\n\t\t\t\t<\/div>\n\t\t\t\t<div class=\"elementor-element elementor-element-9d601bf elementor-widget elementor-widget-text-editor\" data-id=\"9d601bf\" data-element_type=\"widget\" data-widget_type=\"text-editor.default\">\n\t\t\t\t<div class=\"elementor-widget-container\">\n\t\t\t\t\t\t\t\t\t<p class=\"p1\">Den za\u010dneme na m\u00edst\u011b, kde se zrodila legenda. V malebn\u00e9 vesnici Nine Mile nav\u0161t\u00edv\u00edme muzeum v\u011bnovan\u00e9 \u017eivotu a odkazu Boba Marleyho, mu\u017ee, kter\u00fd svou hudbou zm\u011bnil sv\u011bt. Projdete si jeho rodn\u00fd d\u016fm, m\u00edsto posledn\u00edho odpo\u010dinku a okol\u00ed, kter\u00e9 ho cel\u00fd \u017eivot inspirovalo. Atmosf\u00e9ra je klidn\u00e1, autentick\u00e1 a siln\u00e1 \u2013 nen\u00ed to muzeum pln\u00e9 vitr\u00edn, ale m\u00edsto s du\u0161\u00ed, kde Marleyho odkaz po\u0159\u00e1d \u017eije. Nasajete jedine\u010dnou atmosf\u00e9ru, kter\u00e1 dodnes d\u00fdch\u00e1 reggae, svobodou a jamajskou du\u0161\u00ed.<\/p>\t\t\t\t\t\t\t\t<\/div>\n\t\t\t\t<\/div>\n\t\t\t\t<div class=\"elementor-element elementor-element-dcb0d20 elementor-widget elementor-widget-heading\" data-id=\"dcb0d20\" data-element_type=\"widget\" data-widget_type=\"heading.default\">\n\t\t\t\t<div class=\"elementor-widget-container\">\n\t\t\t\t\t<h3 class=\"elementor-heading-title elementor-size-default\">Doctor\u2019s Cave Beach \u2013 pl\u00e1\u017e, kterou si zamilujete<\/h3>\t\t\t\t<\/div>\n\t\t\t\t<\/div>\n\t\t\t\t<div class=\"elementor-element elementor-element-18a9b9f elementor-widget elementor-widget-text-editor\" data-id=\"18a9b9f\" data-element_type=\"widget\" data-widget_type=\"text-editor.default\">\n\t\t\t\t<div class=\"elementor-widget-container\">\n\t\t\t\t\t\t\t\t\t<p class=\"p1\">Tohle je jedna z nejkr\u00e1sn\u011bj\u0161\u00edch pl\u00e1\u017e\u00ed na cel\u00e9 Jamajce \u2013 a pozn\u00e1te to hned, jak na ni vstoup\u00edte. Voda je tady klidn\u00e1, neuv\u011b\u0159iteln\u011b \u010dist\u00e1 a tepl\u00e1 \u2013 ide\u00e1ln\u00ed jen tak se pono\u0159it, zaplavat si nebo sednout do st\u00ednu a pozorovat mo\u0159e. Z pl\u00e1\u017ee je kr\u00e1sn\u011b vid\u011bt p\u0159ist\u00e1v\u00e1n\u00ed letadel na nedalek\u00e9m leti\u0161ti v Montego Bay. Detail, kter\u00fd si ka\u017ed\u00fd zapamatuje a kter\u00fd d\u00e1v\u00e1 t\u00e9to pl\u00e1\u017ei vlastn\u00ed charakter.<\/p>\t\t\t\t\t\t\t\t<\/div>\n\t\t\t\t<\/div>\n\t\t\t\t<\/div>\n\t\t<div data-particle_enable=\"false\" data-particle-mobile-disabled=\"false\" class=\"elementor-element elementor-element-885cef2 e-con-full e-flex e-con e-child\" data-id=\"885cef2\" data-element_type=\"container\" data-settings=\"{&quot;background_background&quot;:&quot;classic&quot;}\">\n\t\t<div data-particle_enable=\"false\" data-particle-mobile-disabled=\"false\" class=\"elementor-element elementor-element-4fe5e6b e-con-full e-flex e-con e-child\" data-id=\"4fe5e6b\" data-element_type=\"container\">\n\t\t\t\t<div class=\"elementor-element elementor-element-3a5cd1d e-transform elementor-widget elementor-widget-image\" data-id=\"3a5cd1d\" data-element_type=\"widget\" data-settings=\"{&quot;_transform_rotateZ_effect&quot;:{&quot;unit&quot;:&quot;px&quot;,&quot;size&quot;:4,&quot;sizes&quot;:[]},&quot;_transform_rotateZ_effect_tablet&quot;:{&quot;unit&quot;:&quot;deg&quot;,&quot;size&quot;:&quot;&quot;,&quot;sizes&quot;:[]},&quot;_transform_rotateZ_effect_mobile&quot;:{&quot;unit&quot;:&quot;deg&quot;,&quot;size&quot;:&quot;&quot;,&quot;sizes&quot;:[]}}\" data-widget_type=\"image.default\">\n\t\t\t\t<div class=\"elementor-widget-container\">\n\t\t\t\t\t\t\t\t\t\t\t\t\t\t\t<img fetchpriority=\"high\" decoding=\"async\" width=\"1024\" height=\"683\" src=\"https:\/\/caribbeanblondietour.com\/wp-content\/uploads\/2025\/04\/DSC00778-1024x683.jpg\" class=\"attachment-large size-large wp-image-4731\" alt=\"\" srcset=\"https:\/\/caribbeanblondietour.com\/wp-content\/uploads\/2025\/04\/DSC00778-1024x683.jpg 1024w, https:\/\/caribbeanblondietour.com\/wp-content\/uploads\/2025\/04\/DSC00778-300x200.jpg 300w, https:\/\/caribbeanblondietour.com\/wp-content\/uploads\/2025\/04\/DSC00778-768x512.jpg 768w, https:\/\/caribbeanblondietour.com\/wp-content\/uploads\/2025\/04\/DSC00778-1536x1024.jpg 1536w, https:\/\/caribbeanblondietour.com\/wp-content\/uploads\/2025\/04\/DSC00778-2048x1365.jpg 2048w, https:\/\/caribbeanblondietour.com\/wp-content\/uploads\/2025\/04\/DSC00778-18x12.jpg 18w, https:\/\/caribbeanblondietour.com\/wp-content\/uploads\/2025\/04\/DSC00778-600x400.jpg 600w\" sizes=\"(max-width: 1024px) 100vw, 1024px\" \/>\t\t\t\t\t\t\t\t\t\t\t\t\t\t\t<\/div>\n\t\t\t\t<\/div>\n\t\t\t\t<div class=\"elementor-element elementor-element-fe7f671 e-transform elementor-widget elementor-widget-image\" data-id=\"fe7f671\" data-element_type=\"widget\" data-settings=\"{&quot;_transform_rotateZ_effect&quot;:{&quot;unit&quot;:&quot;px&quot;,&quot;size&quot;:-3,&quot;sizes&quot;:[]},&quot;_transform_rotateZ_effect_tablet&quot;:{&quot;unit&quot;:&quot;deg&quot;,&quot;size&quot;:&quot;&quot;,&quot;sizes&quot;:[]},&quot;_transform_rotateZ_effect_mobile&quot;:{&quot;unit&quot;:&quot;deg&quot;,&quot;size&quot;:&quot;&quot;,&quot;sizes&quot;:[]}}\" data-widget_type=\"image.default\">\n\t\t\t\t<div class=\"elementor-widget-container\">\n\t\t\t\t\t\t\t\t\t\t\t\t\t\t\t<img decoding=\"async\" width=\"1024\" height=\"768\" src=\"https:\/\/caribbeanblondietour.com\/wp-content\/uploads\/2025\/04\/20201229_132111-1024x768.jpg\" class=\"attachment-large size-large wp-image-4727\" alt=\"\" srcset=\"https:\/\/caribbeanblondietour.com\/wp-content\/uploads\/2025\/04\/20201229_132111-1024x768.jpg 1024w, https:\/\/caribbeanblondietour.com\/wp-content\/uploads\/2025\/04\/20201229_132111-300x225.jpg 300w, https:\/\/caribbeanblondietour.com\/wp-content\/uploads\/2025\/04\/20201229_132111-768x576.jpg 768w, https:\/\/caribbeanblondietour.com\/wp-content\/uploads\/2025\/04\/20201229_132111-1536x1152.jpg 1536w, https:\/\/caribbeanblondietour.com\/wp-content\/uploads\/2025\/04\/20201229_132111-2048x1536.jpg 2048w, https:\/\/caribbeanblondietour.com\/wp-content\/uploads\/2025\/04\/20201229_132111-16x12.jpg 16w, https:\/\/caribbeanblondietour.com\/wp-content\/uploads\/2025\/04\/20201229_132111-600x450.jpg 600w\" sizes=\"(max-width: 1024px) 100vw, 1024px\" \/>\t\t\t\t\t\t\t\t\t\t\t\t\t\t\t<\/div>\n\t\t\t\t<\/div>\n\t\t\t\t<\/div>\n\t\t\t\t<div class=\"elementor-element elementor-element-9e7dc11 elementor-widget elementor-widget-image\" data-id=\"9e7dc11\" data-element_type=\"widget\" data-widget_type=\"image.default\">\n\t\t\t\t<div class=\"elementor-widget-container\">\n\t\t\t\t\t\t\t\t\t\t\t\t\t\t\t<img decoding=\"async\" width=\"768\" height=\"1024\" src=\"https:\/\/caribbeanblondietour.com\/wp-content\/uploads\/2025\/04\/IMG_2290-3-768x1024.jpg\" class=\"attachment-large size-large wp-image-4734\" alt=\"\" srcset=\"https:\/\/caribbeanblondietour.com\/wp-content\/uploads\/2025\/04\/IMG_2290-3-768x1024.jpg 768w, https:\/\/caribbeanblondietour.com\/wp-content\/uploads\/2025\/04\/IMG_2290-3-225x300.jpg 225w, https:\/\/caribbeanblondietour.com\/wp-content\/uploads\/2025\/04\/IMG_2290-3-1152x1536.jpg 1152w, https:\/\/caribbeanblondietour.com\/wp-content\/uploads\/2025\/04\/IMG_2290-3-1536x2048.jpg 1536w, https:\/\/caribbeanblondietour.com\/wp-content\/uploads\/2025\/04\/IMG_2290-3-9x12.jpg 9w, https:\/\/caribbeanblondietour.com\/wp-content\/uploads\/2025\/04\/IMG_2290-3-600x800.jpg 600w, https:\/\/caribbeanblondietour.com\/wp-content\/uploads\/2025\/04\/IMG_2290-3-scaled.jpg 1920w\" sizes=\"(max-width: 768px) 100vw, 768px\" \/>\t\t\t\t\t\t\t\t\t\t\t\t\t\t\t<\/div>\n\t\t\t\t<\/div>\n\t\t\t\t<\/div>\n\t\t\t\t<\/div>\n\t\t\t\t\t<\/div>\n\t\t\t\t<\/div>\n\t\t\t\t<\/div>","protected":false},"excerpt":{"rendered":"<style>\n  .bubble {<br \/>    display: inline-block;<br \/>    background-color: #e0f2ff; \/* svetlomodr\u00e1 *\/<br \/>    color: #0077cc;<br \/>    border-radius: 20px;<br \/>    padding: 6px 12px;<br \/>    font-size: 14px;<br \/>    font-family: Arial, sans-serif;<br \/>    box-shadow: 0 1px 4px rgba(0, 0, 0, 0.1);<br \/>    margin: 0; \/* prid\u00e1me, ak by bola dedi\u010dn\u00e1 medzera *\/<br \/>  }<br \/><\/style>\n<p><span class=\"bubble\">Od 2 osob<\/span><\/p>\n<p><strong><a href=\"https:\/\/caribbeanblondietour.com\/wp-content\/uploads\/2025\/05\/info-k-lodim.pdf\" target=\"_blank\" rel=\"noopener\">\u2139 Informace k v\u00fdletu<\/a><\/strong><\/p>","protected":false},"featured_media":2174,"comment_status":"open","ping_status":"closed","template":"","meta":[],"product_brand":[],"product_cat":[60],"product_tag":[],"class_list":{"0":"post-2820","1":"product","2":"type-product","3":"status-publish","4":"has-post-thumbnail","6":"product_cat-lode","8":"first","9":"instock","10":"virtual","11":"purchasable","12":"product-type-simple"},"yoast_head":"<!-- This site is optimized with the Yoast SEO Premium plugin v24.3 (Yoast SEO v26.8) - https:\/\/yoast.com\/product\/yoast-seo-premium-wordpress\/ -->\n<title>TUI Montego Bay - Caribbeanblondietour<\/title>\n<meta name=\"robots\" content=\"index, follow, max-snippet:-1, max-image-preview:large, max-video-preview:-1\" \/>\n<link rel=\"canonical\" href=\"https:\/\/caribbeanblondietour.com\/en\/product\/tui-montego-bay\/\" \/>\n<meta property=\"og:locale\" content=\"en_GB\" \/>\n<meta property=\"og:type\" content=\"article\" \/>\n<meta property=\"og:title\" content=\"TUI Montego Bay\" \/>\n<meta property=\"og:description\" content=\"Od 2 osob  \u2139 Informace k v\u00fdletu\" \/>\n<meta property=\"og:url\" content=\"https:\/\/caribbeanblondietour.com\/en\/product\/tui-montego-bay\/\" \/>\n<meta property=\"og:site_name\" content=\"Caribbeanblondietour\" \/>\n<meta property=\"article:modified_time\" content=\"2026-01-28T08:03:03+00:00\" \/>\n<meta property=\"og:image\" content=\"https:\/\/caribbeanblondietour.com\/wp-content\/uploads\/2025\/02\/23f20313-0779-4d42-b853-0171fab0ad2b.jpg\" \/>\n\t<meta property=\"og:image:width\" content=\"1824\" \/>\n\t<meta property=\"og:image:height\" content=\"1368\" \/>\n\t<meta property=\"og:image:type\" content=\"image\/jpeg\" \/>\n<meta name=\"twitter:card\" content=\"summary_large_image\" \/>\n<meta name=\"twitter:label1\" content=\"Estimated reading time\" \/>\n\t<meta name=\"twitter:data1\" content=\"2 minutes\" \/>\n<script type=\"application\/ld+json\" class=\"yoast-schema-graph\">{\"@context\":\"https:\/\/schema.org\",\"@graph\":[{\"@type\":\"WebPage\",\"@id\":\"https:\/\/caribbeanblondietour.com\/product\/tui-montego-bay\/\",\"url\":\"https:\/\/caribbeanblondietour.com\/product\/tui-montego-bay\/\",\"name\":\"TUI Montego Bay - Caribbeanblondietour\",\"isPartOf\":{\"@id\":\"https:\/\/caribbeanblondietour.com\/#website\"},\"primaryImageOfPage\":{\"@id\":\"https:\/\/caribbeanblondietour.com\/product\/tui-montego-bay\/#primaryimage\"},\"image\":{\"@id\":\"https:\/\/caribbeanblondietour.com\/product\/tui-montego-bay\/#primaryimage\"},\"thumbnailUrl\":\"https:\/\/caribbeanblondietour.com\/wp-content\/uploads\/2025\/02\/23f20313-0779-4d42-b853-0171fab0ad2b.jpg\",\"datePublished\":\"2025-04-28T15:31:02+00:00\",\"dateModified\":\"2026-01-28T08:03:03+00:00\",\"breadcrumb\":{\"@id\":\"https:\/\/caribbeanblondietour.com\/product\/tui-montego-bay\/#breadcrumb\"},\"inLanguage\":\"en-GB\",\"potentialAction\":[{\"@type\":\"ReadAction\",\"target\":[\"https:\/\/caribbeanblondietour.com\/product\/tui-montego-bay\/\"]}]},{\"@type\":\"ImageObject\",\"inLanguage\":\"en-GB\",\"@id\":\"https:\/\/caribbeanblondietour.com\/product\/tui-montego-bay\/#primaryimage\",\"url\":\"https:\/\/caribbeanblondietour.com\/wp-content\/uploads\/2025\/02\/23f20313-0779-4d42-b853-0171fab0ad2b.jpg\",\"contentUrl\":\"https:\/\/caribbeanblondietour.com\/wp-content\/uploads\/2025\/02\/23f20313-0779-4d42-b853-0171fab0ad2b.jpg\",\"width\":1824,\"height\":1368},{\"@type\":\"BreadcrumbList\",\"@id\":\"https:\/\/caribbeanblondietour.com\/product\/tui-montego-bay\/#breadcrumb\",\"itemListElement\":[{\"@type\":\"ListItem\",\"position\":1,\"name\":\"Home\",\"item\":\"https:\/\/caribbeanblondietour.com\/\"},{\"@type\":\"ListItem\",\"position\":2,\"name\":\"Z\u00e1jezdy\",\"item\":\"https:\/\/caribbeanblondietour.com\/zajezdy\/\"},{\"@type\":\"ListItem\",\"position\":3,\"name\":\"TUI Montego Bay\"}]},{\"@type\":\"WebSite\",\"@id\":\"https:\/\/caribbeanblondietour.com\/#website\",\"url\":\"https:\/\/caribbeanblondietour.com\/\",\"name\":\"Caribbeanblondietour\",\"description\":\"\",\"publisher\":{\"@id\":\"https:\/\/caribbeanblondietour.com\/#organization\"},\"potentialAction\":[{\"@type\":\"SearchAction\",\"target\":{\"@type\":\"EntryPoint\",\"urlTemplate\":\"https:\/\/caribbeanblondietour.com\/?s={search_term_string}\"},\"query-input\":{\"@type\":\"PropertyValueSpecification\",\"valueRequired\":true,\"valueName\":\"search_term_string\"}}],\"inLanguage\":\"en-GB\"},{\"@type\":\"Organization\",\"@id\":\"https:\/\/caribbeanblondietour.com\/#organization\",\"name\":\"Caribbeanblondietour\",\"url\":\"https:\/\/caribbeanblondietour.com\/\",\"logo\":{\"@type\":\"ImageObject\",\"inLanguage\":\"en-GB\",\"@id\":\"https:\/\/caribbeanblondietour.com\/#\/schema\/logo\/image\/\",\"url\":\"https:\/\/caribbeanblondietour.com\/wp-content\/uploads\/2025\/02\/logo.png\",\"contentUrl\":\"https:\/\/caribbeanblondietour.com\/wp-content\/uploads\/2025\/02\/logo.png\",\"width\":2043,\"height\":778,\"caption\":\"Caribbeanblondietour\"},\"image\":{\"@id\":\"https:\/\/caribbeanblondietour.com\/#\/schema\/logo\/image\/\"}}]}<\/script>\n<!-- \/ Yoast SEO Premium plugin. -->","yoast_head_json":{"title":"TUI Montego Bay - Caribbeanblondietour","robots":{"index":"index","follow":"follow","max-snippet":"max-snippet:-1","max-image-preview":"max-image-preview:large","max-video-preview":"max-video-preview:-1"},"canonical":"https:\/\/caribbeanblondietour.com\/en\/product\/tui-montego-bay\/","og_locale":"en_GB","og_type":"article","og_title":"TUI Montego Bay","og_description":"Od 2 osob  \u2139 Informace k v\u00fdletu","og_url":"https:\/\/caribbeanblondietour.com\/en\/product\/tui-montego-bay\/","og_site_name":"Caribbeanblondietour","article_modified_time":"2026-01-28T08:03:03+00:00","og_image":[{"width":1824,"height":1368,"url":"https:\/\/caribbeanblondietour.com\/wp-content\/uploads\/2025\/02\/23f20313-0779-4d42-b853-0171fab0ad2b.jpg","type":"image\/jpeg"}],"twitter_card":"summary_large_image","twitter_misc":{"Estimated reading time":"2 minutes"},"schema":{"@context":"https:\/\/schema.org","@graph":[{"@type":"WebPage","@id":"https:\/\/caribbeanblondietour.com\/product\/tui-montego-bay\/","url":"https:\/\/caribbeanblondietour.com\/product\/tui-montego-bay\/","name":"TUI Montego Bay - Caribbeanblondietour","isPartOf":{"@id":"https:\/\/caribbeanblondietour.com\/#website"},"primaryImageOfPage":{"@id":"https:\/\/caribbeanblondietour.com\/product\/tui-montego-bay\/#primaryimage"},"image":{"@id":"https:\/\/caribbeanblondietour.com\/product\/tui-montego-bay\/#primaryimage"},"thumbnailUrl":"https:\/\/caribbeanblondietour.com\/wp-content\/uploads\/2025\/02\/23f20313-0779-4d42-b853-0171fab0ad2b.jpg","datePublished":"2025-04-28T15:31:02+00:00","dateModified":"2026-01-28T08:03:03+00:00","breadcrumb":{"@id":"https:\/\/caribbeanblondietour.com\/product\/tui-montego-bay\/#breadcrumb"},"inLanguage":"en-GB","potentialAction":[{"@type":"ReadAction","target":["https:\/\/caribbeanblondietour.com\/product\/tui-montego-bay\/"]}]},{"@type":"ImageObject","inLanguage":"en-GB","@id":"https:\/\/caribbeanblondietour.com\/product\/tui-montego-bay\/#primaryimage","url":"https:\/\/caribbeanblondietour.com\/wp-content\/uploads\/2025\/02\/23f20313-0779-4d42-b853-0171fab0ad2b.jpg","contentUrl":"https:\/\/caribbeanblondietour.com\/wp-content\/uploads\/2025\/02\/23f20313-0779-4d42-b853-0171fab0ad2b.jpg","width":1824,"height":1368},{"@type":"BreadcrumbList","@id":"https:\/\/caribbeanblondietour.com\/product\/tui-montego-bay\/#breadcrumb","itemListElement":[{"@type":"ListItem","position":1,"name":"Home","item":"https:\/\/caribbeanblondietour.com\/"},{"@type":"ListItem","position":2,"name":"Z\u00e1jezdy","item":"https:\/\/caribbeanblondietour.com\/zajezdy\/"},{"@type":"ListItem","position":3,"name":"TUI Montego Bay"}]},{"@type":"WebSite","@id":"https:\/\/caribbeanblondietour.com\/#website","url":"https:\/\/caribbeanblondietour.com\/","name":"Caribbeanblondietour","description":"","publisher":{"@id":"https:\/\/caribbeanblondietour.com\/#organization"},"potentialAction":[{"@type":"SearchAction","target":{"@type":"EntryPoint","urlTemplate":"https:\/\/caribbeanblondietour.com\/?s={search_term_string}"},"query-input":{"@type":"PropertyValueSpecification","valueRequired":true,"valueName":"search_term_string"}}],"inLanguage":"en-GB"},{"@type":"Organization","@id":"https:\/\/caribbeanblondietour.com\/#organization","name":"Caribbeanblondietour","url":"https:\/\/caribbeanblondietour.com\/","logo":{"@type":"ImageObject","inLanguage":"en-GB","@id":"https:\/\/caribbeanblondietour.com\/#\/schema\/logo\/image\/","url":"https:\/\/caribbeanblondietour.com\/wp-content\/uploads\/2025\/02\/logo.png","contentUrl":"https:\/\/caribbeanblondietour.com\/wp-content\/uploads\/2025\/02\/logo.png","width":2043,"height":778,"caption":"Caribbeanblondietour"},"image":{"@id":"https:\/\/caribbeanblondietour.com\/#\/schema\/logo\/image\/"}}]}},"_links":{"self":[{"href":"https:\/\/caribbeanblondietour.com\/en\/wp-json\/wp\/v2\/product\/2820","targetHints":{"allow":["GET"]}}],"collection":[{"href":"https:\/\/caribbeanblondietour.com\/en\/wp-json\/wp\/v2\/product"}],"about":[{"href":"https:\/\/caribbeanblondietour.com\/en\/wp-json\/wp\/v2\/types\/product"}],"replies":[{"embeddable":true,"href":"https:\/\/caribbeanblondietour.com\/en\/wp-json\/wp\/v2\/comments?post=2820"}],"version-history":[{"count":10,"href":"https:\/\/caribbeanblondietour.com\/en\/wp-json\/wp\/v2\/product\/2820\/revisions"}],"predecessor-version":[{"id":4769,"href":"https:\/\/caribbeanblondietour.com\/en\/wp-json\/wp\/v2\/product\/2820\/revisions\/4769"}],"wp:featuredmedia":[{"embeddable":true,"href":"https:\/\/caribbeanblondietour.com\/en\/wp-json\/wp\/v2\/media\/2174"}],"wp:attachment":[{"href":"https:\/\/caribbeanblondietour.com\/en\/wp-json\/wp\/v2\/media?parent=2820"}],"wp:term":[{"taxonomy":"product_brand","embeddable":true,"href":"https:\/\/caribbeanblondietour.com\/en\/wp-json\/wp\/v2\/product_brand?post=2820"},{"taxonomy":"product_cat","embeddable":true,"href":"https:\/\/caribbeanblondietour.com\/en\/wp-json\/wp\/v2\/product_cat?post=2820"},{"taxonomy":"product_tag","embeddable":true,"href":"https:\/\/caribbeanblondietour.com\/en\/wp-json\/wp\/v2\/product_tag?post=2820"}],"curies":[{"name":"wp","href":"https:\/\/api.w.org\/{rel}","templated":true}]}}